{"id":2962,"date":"2025-02-18T19:45:49","date_gmt":"2025-02-18T17:45:49","guid":{"rendered":"https:\/\/www.meriwestlin.fi\/?page_id=2962"},"modified":"2025-02-18T19:52:39","modified_gmt":"2025-02-18T17:52:39","slug":"liina","status":"publish","type":"page","link":"https:\/\/www.meriwestlin.fi\/en\/liina\/","title":{"rendered":"Liina"},"content":{"rendered":"<div data-elementor-type=\"wp-page\" data-elementor-id=\"2962\" class=\"elementor elementor-2962\" data-elementor-post-type=\"page\">\n\t\t\t\t\t\t<section class=\"elementor-section elementor-top-section elementor-element elementor-element-fc06125 elementor-section-boxed elementor-section-height-default elementor-section-height-default\" data-id=\"fc06125\" data-element_type=\"section\">\n\t\t\t\t\t\t<div class=\"elementor-container elementor-column-gap-default\">\n\t\t\t\t\t<div class=\"elementor-column elementor-col-100 elementor-top-column elementor-element elementor-element-7b03f76\" data-id=\"7b03f76\" data-element_type=\"column\">\n\t\t\t<div class=\"elementor-widget-wrap elementor-element-populated\">\n\t\t\t\t\t\t<div class=\"elementor-element elementor-element-edea46d elementor-widget elementor-widget-heading\" data-id=\"edea46d\" data-element_type=\"widget\" data-widget_type=\"heading.default\">\n\t\t\t\t<div class=\"elementor-widget-container\">\n\t\t\t\t\t<h2 class=\"elementor-heading-title elementor-size-default\">2024 Liina<\/h2>\t\t\t\t<\/div>\n\t\t\t\t<\/div>\n\t\t\t\t<div class=\"elementor-element elementor-element-3d56ffb elementor-widget-divider--view-line elementor-widget elementor-widget-divider\" data-id=\"3d56ffb\" data-element_type=\"widget\" data-widget_type=\"divider.default\">\n\t\t\t\t<div class=\"elementor-widget-container\">\n\t\t\t\t\t\t\t<div class=\"elementor-divider\">\n\t\t\t<span class=\"elementor-divider-separator\">\n\t\t\t\t\t\t<\/span>\n\t\t<\/div>\n\t\t\t\t\t\t<\/div>\n\t\t\t\t<\/div>\n\t\t\t\t\t<\/div>\n\t\t<\/div>\n\t\t\t\t\t<\/div>\n\t\t<\/section>\n\t\t\t\t<section class=\"elementor-section elementor-top-section elementor-element elementor-element-74f021e elementor-section-boxed elementor-section-height-default elementor-section-height-default\" data-id=\"74f021e\" data-element_type=\"section\">\n\t\t\t\t\t\t<div class=\"elementor-container elementor-column-gap-default\">\n\t\t\t\t\t<div class=\"elementor-column elementor-col-100 elementor-top-column elementor-element elementor-element-de36aa5\" data-id=\"de36aa5\" data-element_type=\"column\">\n\t\t\t<div class=\"elementor-widget-wrap elementor-element-populated\">\n\t\t\t\t\t\t<div class=\"elementor-element elementor-element-45073ba elementor-widget__width-initial elementor-widget elementor-widget-gallery\" data-id=\"45073ba\" data-element_type=\"widget\" data-settings=\"{&quot;gallery_layout&quot;:&quot;masonry&quot;,&quot;columns&quot;:1,&quot;gap&quot;:{&quot;unit&quot;:&quot;px&quot;,&quot;size&quot;:300,&quot;sizes&quot;:[]},&quot;overlay_title&quot;:&quot;title&quot;,&quot;overlay_description&quot;:&quot;caption&quot;,&quot;columns_tablet&quot;:1,&quot;gap_mobile&quot;:{&quot;unit&quot;:&quot;px&quot;,&quot;size&quot;:250,&quot;sizes&quot;:[]},&quot;_animation&quot;:&quot;none&quot;,&quot;gap_tablet&quot;:{&quot;unit&quot;:&quot;px&quot;,&quot;size&quot;:200,&quot;sizes&quot;:[]},&quot;lazyload&quot;:&quot;yes&quot;,&quot;columns_mobile&quot;:1,&quot;link_to&quot;:&quot;file&quot;}\" data-widget_type=\"gallery.default\">\n\t\t\t\t<div class=\"elementor-widget-container\">\n\t\t\t\t\t\t\t<div class=\"elementor-gallery__container\">\n\t\t\t\t\t\t\t<a class=\"e-gallery-item elementor-gallery-item\" href=\"https:\/\/www.meriwestlin.fi\/wp-content\/uploads\/2025\/02\/EB907D5E-1039-47BA-9AE2-D6D7DCAC4750.jpg\" data-elementor-open-lightbox=\"yes\" data-elementor-lightbox-slideshow=\"45073ba\" data-e-action-hash=\"#elementor-action%3Aaction%3Dlightbox%26settings%3DeyJpZCI6Mjk2NSwidXJsIjoiaHR0cHM6XC9cL3d3dy5tZXJpd2VzdGxpbi5maVwvd3AtY29udGVudFwvdXBsb2Fkc1wvMjAyNVwvMDJcL0VCOTA3RDVFLTEwMzktNDdCQS05QUUyLUQ2RDdEQ0FDNDc1MC5qcGciLCJzbGlkZXNob3ciOiI0NTA3M2JhIn0%3D\">\n\t\t\t\t\t<div class=\"e-gallery-image elementor-gallery-item__image\" data-thumbnail=\"https:\/\/www.meriwestlin.fi\/wp-content\/uploads\/2025\/02\/EB907D5E-1039-47BA-9AE2-D6D7DCAC4750.jpg\" data-width=\"1440\" data-height=\"1057\" aria-label=\"\" role=\"img\" ><\/div>\n\t\t\t\t\t\t\t\t\t\t\t\t\t\t\t<div class=\"elementor-gallery-item__content\">\n\t\t\t\t\t\t\t\t\t\t\t<\/div>\n\t\t\t\t\t\t\t\t\t<\/a>\n\t\t\t\t\t\t\t<a class=\"e-gallery-item elementor-gallery-item\" href=\"https:\/\/www.meriwestlin.fi\/wp-content\/uploads\/2025\/02\/EFC8F4CE-50F9-4FE1-99CF-12DF837FD40F.jpg\" data-elementor-open-lightbox=\"yes\" data-elementor-lightbox-slideshow=\"45073ba\" data-e-action-hash=\"#elementor-action%3Aaction%3Dlightbox%26settings%3DeyJpZCI6Mjk2NiwidXJsIjoiaHR0cHM6XC9cL3d3dy5tZXJpd2VzdGxpbi5maVwvd3AtY29udGVudFwvdXBsb2Fkc1wvMjAyNVwvMDJcL0VGQzhGNENFLTUwRjktNEZFMS05OUNGLTEyREY4MzdGRDQwRi5qcGciLCJzbGlkZXNob3ciOiI0NTA3M2JhIn0%3D\">\n\t\t\t\t\t<div class=\"e-gallery-image elementor-gallery-item__image\" data-thumbnail=\"https:\/\/www.meriwestlin.fi\/wp-content\/uploads\/2025\/02\/EFC8F4CE-50F9-4FE1-99CF-12DF837FD40F.jpg\" data-width=\"1440\" data-height=\"1056\" aria-label=\"\" role=\"img\" ><\/div>\n\t\t\t\t\t\t\t\t\t\t\t\t\t\t\t<div class=\"elementor-gallery-item__content\">\n\t\t\t\t\t\t\t\t\t\t\t<\/div>\n\t\t\t\t\t\t\t\t\t<\/a>\n\t\t\t\t\t\t\t<a class=\"e-gallery-item elementor-gallery-item\" href=\"https:\/\/www.meriwestlin.fi\/wp-content\/uploads\/2025\/02\/F94CC0D2-871F-420A-A428-A0EDF292BD38.jpg\" data-elementor-open-lightbox=\"yes\" data-elementor-lightbox-slideshow=\"45073ba\" data-e-action-hash=\"#elementor-action%3Aaction%3Dlightbox%26settings%3DeyJpZCI6Mjk2NywidXJsIjoiaHR0cHM6XC9cL3d3dy5tZXJpd2VzdGxpbi5maVwvd3AtY29udGVudFwvdXBsb2Fkc1wvMjAyNVwvMDJcL0Y5NENDMEQyLTg3MUYtNDIwQS1BNDI4LUEwRURGMjkyQkQzOC5qcGciLCJzbGlkZXNob3ciOiI0NTA3M2JhIn0%3D\">\n\t\t\t\t\t<div class=\"e-gallery-image elementor-gallery-item__image\" data-thumbnail=\"https:\/\/www.meriwestlin.fi\/wp-content\/uploads\/2025\/02\/F94CC0D2-871F-420A-A428-A0EDF292BD38.jpg\" data-width=\"1440\" data-height=\"1057\" aria-label=\"\" role=\"img\" ><\/div>\n\t\t\t\t\t\t\t\t\t\t\t\t\t\t\t<div class=\"elementor-gallery-item__content\">\n\t\t\t\t\t\t\t\t\t\t\t<\/div>\n\t\t\t\t\t\t\t\t\t<\/a>\n\t\t\t\t\t\t\t<a class=\"e-gallery-item elementor-gallery-item\" href=\"https:\/\/www.meriwestlin.fi\/wp-content\/uploads\/2025\/02\/IMG_7903-scaled.jpg\" data-elementor-open-lightbox=\"yes\" data-elementor-lightbox-slideshow=\"45073ba\" data-e-action-hash=\"#elementor-action%3Aaction%3Dlightbox%26settings%3DeyJpZCI6Mjk2OCwidXJsIjoiaHR0cHM6XC9cL3d3dy5tZXJpd2VzdGxpbi5maVwvd3AtY29udGVudFwvdXBsb2Fkc1wvMjAyNVwvMDJcL0lNR183OTAzLXNjYWxlZC5qcGciLCJzbGlkZXNob3ciOiI0NTA3M2JhIn0%3D\">\n\t\t\t\t\t<div class=\"e-gallery-image elementor-gallery-item__image\" data-thumbnail=\"https:\/\/www.meriwestlin.fi\/wp-content\/uploads\/2025\/02\/IMG_7903-scaled.jpg\" data-width=\"2560\" data-height=\"2353\" aria-label=\"\" role=\"img\" ><\/div>\n\t\t\t\t\t\t\t\t\t\t\t\t\t\t\t<div class=\"elementor-gallery-item__content\">\n\t\t\t\t\t\t\t\t\t\t\t<\/div>\n\t\t\t\t\t\t\t\t\t<\/a>\n\t\t\t\t\t\t\t<a class=\"e-gallery-item elementor-gallery-item\" href=\"https:\/\/www.meriwestlin.fi\/wp-content\/uploads\/2025\/02\/IMG_7341-scaled.jpg\" data-elementor-open-lightbox=\"yes\" data-elementor-lightbox-slideshow=\"45073ba\" data-e-action-hash=\"#elementor-action%3Aaction%3Dlightbox%26settings%3DeyJpZCI6Mjk3MCwidXJsIjoiaHR0cHM6XC9cL3d3dy5tZXJpd2VzdGxpbi5maVwvd3AtY29udGVudFwvdXBsb2Fkc1wvMjAyNVwvMDJcL0lNR183MzQxLXNjYWxlZC5qcGciLCJzbGlkZXNob3ciOiI0NTA3M2JhIn0%3D\">\n\t\t\t\t\t<div class=\"e-gallery-image elementor-gallery-item__image\" data-thumbnail=\"https:\/\/www.meriwestlin.fi\/wp-content\/uploads\/2025\/02\/IMG_7341-scaled.jpg\" data-width=\"2560\" data-height=\"2369\" aria-label=\"\" role=\"img\" ><\/div>\n\t\t\t\t\t\t\t\t\t\t\t\t\t\t\t<div class=\"elementor-gallery-item__content\">\n\t\t\t\t\t\t\t\t\t\t\t<\/div>\n\t\t\t\t\t\t\t\t\t<\/a>\n\t\t\t\t\t\t\t<a class=\"e-gallery-item elementor-gallery-item\" href=\"https:\/\/www.meriwestlin.fi\/wp-content\/uploads\/2025\/02\/IMG_7768.jpg\" data-elementor-open-lightbox=\"yes\" data-elementor-lightbox-slideshow=\"45073ba\" data-e-action-hash=\"#elementor-action%3Aaction%3Dlightbox%26settings%3DeyJpZCI6Mjk3MSwidXJsIjoiaHR0cHM6XC9cL3d3dy5tZXJpd2VzdGxpbi5maVwvd3AtY29udGVudFwvdXBsb2Fkc1wvMjAyNVwvMDJcL0lNR183NzY4LmpwZyIsInNsaWRlc2hvdyI6IjQ1MDczYmEifQ%3D%3D\">\n\t\t\t\t\t<div class=\"e-gallery-image elementor-gallery-item__image\" data-thumbnail=\"https:\/\/www.meriwestlin.fi\/wp-content\/uploads\/2025\/02\/IMG_7768.jpg\" data-width=\"828\" data-height=\"1172\" aria-label=\"\" role=\"img\" ><\/div>\n\t\t\t\t\t\t\t\t\t\t\t\t\t\t\t<div class=\"elementor-gallery-item__content\">\n\t\t\t\t\t\t\t\t\t\t\t<\/div>\n\t\t\t\t\t\t\t\t\t<\/a>\n\t\t\t\t\t\t\t<a class=\"e-gallery-item elementor-gallery-item\" href=\"https:\/\/www.meriwestlin.fi\/wp-content\/uploads\/2025\/02\/IMG_7903-1-scaled.jpg\" data-elementor-open-lightbox=\"yes\" data-elementor-lightbox-slideshow=\"45073ba\" data-e-action-hash=\"#elementor-action%3Aaction%3Dlightbox%26settings%3DeyJpZCI6Mjk3MiwidXJsIjoiaHR0cHM6XC9cL3d3dy5tZXJpd2VzdGxpbi5maVwvd3AtY29udGVudFwvdXBsb2Fkc1wvMjAyNVwvMDJcL0lNR183OTAzLTEtc2NhbGVkLmpwZyIsInNsaWRlc2hvdyI6IjQ1MDczYmEifQ%3D%3D\">\n\t\t\t\t\t<div class=\"e-gallery-image elementor-gallery-item__image\" data-thumbnail=\"https:\/\/www.meriwestlin.fi\/wp-content\/uploads\/2025\/02\/IMG_7903-1-scaled.jpg\" data-width=\"2560\" data-height=\"2353\" aria-label=\"\" role=\"img\" ><\/div>\n\t\t\t\t\t\t\t\t\t\t\t\t\t\t\t<div class=\"elementor-gallery-item__content\">\n\t\t\t\t\t\t\t\t\t\t\t<\/div>\n\t\t\t\t\t\t\t\t\t<\/a>\n\t\t\t\t\t<\/div>\n\t\t\t\t\t<\/div>\n\t\t\t\t<\/div>\n\t\t\t\t\t<\/div>\n\t\t<\/div>\n\t\t\t\t\t<\/div>\n\t\t<\/section>\n\t\t\t\t<section class=\"elementor-section elementor-top-section elementor-element elementor-element-2d00637 elementor-section-boxed elementor-section-height-default elementor-section-height-default\" data-id=\"2d00637\" data-element_type=\"section\">\n\t\t\t\t\t\t<div class=\"elementor-container elementor-column-gap-default\">\n\t\t\t\t\t<div class=\"elementor-column elementor-col-100 elementor-top-column elementor-element elementor-element-f0449b7\" data-id=\"f0449b7\" data-element_type=\"column\">\n\t\t\t<div class=\"elementor-widget-wrap elementor-element-populated\">\n\t\t\t\t\t\t<div class=\"elementor-element elementor-element-7a425a0 elementor-widget__width-initial elementor-widget elementor-widget-text-editor\" data-id=\"7a425a0\" data-element_type=\"widget\" data-widget_type=\"text-editor.default\">\n\t\t\t\t<div class=\"elementor-widget-container\">\n\t\t\t\t\t\t\t\t\t<p>MERI WESTLIN: LIINA &#8211; TEKSTIILIVEISTOKSIA METALLILANGASTA 30.7.-18.8.2024<\/p><p>Galleria Moletti, Forssan museo<\/p><p>Meri Westlin on luonut Molettiin uuden teossarjan Liina. Se on jatkoa vuonna 2022 Finlayson Art Areassa Tampereella n\u00e4hdylle Garderobi-sarjalle. Suomalaisen tekstiiliteollisuuden historia yhdist\u00e4\u00e4 n\u00e4yttelytiloja sek\u00e4 my\u00f6s sijaintia. Tampere sek\u00e4 Forssa ovat molemmat olleet tekstiiliteollisuuden keskuksia. Tehtaan ty\u00f6ntekij\u00f6iden kertomukset ja muistot inspiroivat Westlini\u00e4 luomaan teoksia, jotka ovat kunnianosoituksia tekstiilialan ty\u00f6ntekij\u00f6ille. Suurin osa heist\u00e4 oli niin sanottuja puuvillatytt\u00f6j\u00e4, ja heit\u00e4 ajatellen installaatiosta l\u00f6ytyy siroja mekkoja.<\/p><p>Tematiikka juontaa melkein kolmenkymmenen vuoden taakse. Westlinin teos \u201dPohjoiskarjalainen Haute Couture\u201d oli esill\u00e4 vuonna 1997 Honkahovissa ja sen puistossa osana M\u00e4nt\u00e4n kuvataideviikkoja. Sielt\u00e4 teokset ovat jakautuneet eri kokoelmiin ja eri omistajille muun muassa Joensuun taidemuseoon, jossa niit\u00e4 n\u00e4htiin kokoelman\u00e4yttelyss\u00e4 vuonna 2021. Ne n\u00e4hty\u00e4\u00e4n Finlayson Art Arean kuraattori pyysi Westlini\u00e4 palaamaan teeman ja tekniikan pariin.<\/p><p>Meri Westlin on k\u00e4sitellyt tekstiiliteemaa teoksissaan aina, mutta n\u00e4k\u00f6kulma on ollut enemm\u00e4n kallistunut k\u00e4sit\u00f6ihin. H\u00e4nen K\u00e4spaikka-aiheiset maalauksensa, piirroksensa ja installaationsa ovat kiert\u00e4neet n\u00e4yttelyiss\u00e4 eri puolilla Suomea koko 2000-luvun ajan.<\/p><p>Vaikka uusissa teoksissa inspiraationa on ollut tekstiiliteollisuuden historia, on k\u00e4sill\u00e4 tekeminen niiss\u00e4 l\u00e4sn\u00e4 h\u00e4nen oman ty\u00f6skentelyns\u00e4 kautta. Westlin on kutonut k\u00e4sin metallilangasta ilmavia, miltei aineettomia veistoksia, joiden aiheena ovat pyyhkeet ja vaatteet tai ehk\u00e4 pikemminkin vaatteiden torsot. Ne eiv\u00e4t ole puettavia vaan viittaavat vaatteen muotoon er\u00e4\u00e4nlaisella arkkityyppisen mekon hahmolla, mielikuvalla mekosta.<\/p><p>N\u00e4yttely onkin kunnianosoitus naisten t\u00f6ille riippumatta siit\u00e4, onko ty\u00f6 tehty tekstiilitehtaassa vai k\u00e4sity\u00f6n\u00e4 kotona<\/p><p>Uusi Liina-sarja on kuparilangasta puikoilla kudottuja v\u00e4rikk\u00e4it\u00e4 pyyhkeit\u00e4. Niiden koko noudattelee Finlaysonin pyyhekokoa ja muutenkin ne linkittyv\u00e4t vanhan tekstiilitehtaan historiaan. Westlin on tutkinut vanhoja hienoja pellavapyyhkeit\u00e4, joissa n\u00e4kyv\u00e4t el\u00e4m\u00e4n v\u00e4rit vaaleasta tummaan. H\u00e4n on p\u00e4\u00e4tynyt ilmaisussaan minimiin, mutta valon ja varjon leikki saa materiaalin el\u00e4m\u00e4\u00e4n kauniisti.<\/p><p><em>Veikko Halmetoja<\/em><\/p><p>\u00a0<\/p>\t\t\t\t\t\t\t\t<\/div>\n\t\t\t\t<\/div>\n\t\t\t\t\t<\/div>\n\t\t<\/div>\n\t\t\t\t\t<\/div>\n\t\t<\/section>\n\t\t\t\t<\/div>","protected":false},"excerpt":{"rendered":"<p>2024 Liina MERI WESTLIN: LIINA &#8211; TEKSTIILIVEISTOKSIA METALLILANGASTA 30.7.-18.8.2024 Galleria Moletti, Forssan museo Meri Westlin on luonut Molettiin uuden teossarjan Liina. Se on jatkoa vuonna 2022 Finlayson Art Areassa Tampereella n\u00e4hdylle Garderobi-sarjalle. Suomalaisen tekstiiliteollisuuden historia yhdist\u00e4\u00e4 n\u00e4yttelytiloja sek\u00e4 my\u00f6s sijaintia. Tampere sek\u00e4 Forssa ovat molemmat olleet tekstiiliteollisuuden keskuksia. Tehtaan ty\u00f6ntekij\u00f6iden kertomukset ja muistot inspiroivat Westlini\u00e4 [&hellip;]<\/p>","protected":false},"author":4,"featured_media":0,"parent":0,"menu_order":0,"comment_status":"closed","ping_status":"closed","template":"","meta":{"_acf_changed":false,"footnotes":""},"class_list":["post-2962","page","type-page","status-publish","hentry"],"acf":[],"yoast_head":"<!-- This site is optimized with the Yoast SEO plugin v25.2 - https:\/\/yoast.com\/wordpress\/plugins\/seo\/ -->\n<title>Liina Meri Westlin<\/title>\n<meta name=\"robots\" content=\"index, follow, max-snippet:-1, max-image-preview:large, max-video-preview:-1\" \/>\n<link rel=\"canonical\" href=\"https:\/\/www.meriwestlin.fi\/en\/liina\/\" \/>\n<meta property=\"og:locale\" content=\"en_GB\" \/>\n<meta property=\"og:type\" content=\"article\" \/>\n<meta property=\"og:title\" content=\"Liina Meri Westlin\" \/>\n<meta property=\"og:description\" content=\"2024 Liina MERI WESTLIN: LIINA &#8211; TEKSTIILIVEISTOKSIA METALLILANGASTA 30.7.-18.8.2024 Galleria Moletti, Forssan museo Meri Westlin on luonut Molettiin uuden teossarjan Liina. Se on jatkoa vuonna 2022 Finlayson Art Areassa Tampereella n\u00e4hdylle Garderobi-sarjalle. Suomalaisen tekstiiliteollisuuden historia yhdist\u00e4\u00e4 n\u00e4yttelytiloja sek\u00e4 my\u00f6s sijaintia. Tampere sek\u00e4 Forssa ovat molemmat olleet tekstiiliteollisuuden keskuksia. Tehtaan ty\u00f6ntekij\u00f6iden kertomukset ja muistot inspiroivat Westlini\u00e4 [&hellip;]\" \/>\n<meta property=\"og:url\" content=\"https:\/\/www.meriwestlin.fi\/en\/liina\/\" \/>\n<meta property=\"og:site_name\" content=\"Meri Westlin\" \/>\n<meta property=\"article:modified_time\" content=\"2025-02-18T17:52:39+00:00\" \/>\n<meta name=\"twitter:card\" content=\"summary_large_image\" \/>\n<meta name=\"twitter:label1\" content=\"Estimated reading time\" \/>\n\t<meta name=\"twitter:data1\" content=\"2 minutes\" \/>\n<script type=\"application\/ld+json\" class=\"yoast-schema-graph\">{\"@context\":\"https:\/\/schema.org\",\"@graph\":[{\"@type\":\"WebPage\",\"@id\":\"https:\/\/www.meriwestlin.fi\/liina\/\",\"url\":\"https:\/\/www.meriwestlin.fi\/liina\/\",\"name\":\"Liina Meri Westlin\",\"isPartOf\":{\"@id\":\"https:\/\/www.meriwestlin.fi\/#website\"},\"datePublished\":\"2025-02-18T17:45:49+00:00\",\"dateModified\":\"2025-02-18T17:52:39+00:00\",\"breadcrumb\":{\"@id\":\"https:\/\/www.meriwestlin.fi\/liina\/#breadcrumb\"},\"inLanguage\":\"en-GB\",\"potentialAction\":[{\"@type\":\"ReadAction\",\"target\":[\"https:\/\/www.meriwestlin.fi\/liina\/\"]}]},{\"@type\":\"BreadcrumbList\",\"@id\":\"https:\/\/www.meriwestlin.fi\/liina\/#breadcrumb\",\"itemListElement\":[{\"@type\":\"ListItem\",\"position\":1,\"name\":\"Etusivu\",\"item\":\"https:\/\/www.meriwestlin.fi\/\"},{\"@type\":\"ListItem\",\"position\":2,\"name\":\"Liina\"}]},{\"@type\":\"WebSite\",\"@id\":\"https:\/\/www.meriwestlin.fi\/#website\",\"url\":\"https:\/\/www.meriwestlin.fi\/\",\"name\":\"Meri Westlin\",\"description\":\"Visual artist \/ Kuvataiteilija\",\"publisher\":{\"@id\":\"https:\/\/www.meriwestlin.fi\/#organization\"},\"potentialAction\":[{\"@type\":\"SearchAction\",\"target\":{\"@type\":\"EntryPoint\",\"urlTemplate\":\"https:\/\/www.meriwestlin.fi\/?s={search_term_string}\"},\"query-input\":{\"@type\":\"PropertyValueSpecification\",\"valueRequired\":true,\"valueName\":\"search_term_string\"}}],\"inLanguage\":\"en-GB\"},{\"@type\":\"Organization\",\"@id\":\"https:\/\/www.meriwestlin.fi\/#organization\",\"name\":\"Meri Westlin\",\"url\":\"https:\/\/www.meriwestlin.fi\/\",\"logo\":{\"@type\":\"ImageObject\",\"inLanguage\":\"en-GB\",\"@id\":\"https:\/\/www.meriwestlin.fi\/#\/schema\/logo\/image\/\",\"url\":\"https:\/\/www.meriwestlin.fi\/wp-content\/uploads\/2022\/05\/cropped-Meri-Westlin-Logo-Black.png\",\"contentUrl\":\"https:\/\/www.meriwestlin.fi\/wp-content\/uploads\/2022\/05\/cropped-Meri-Westlin-Logo-Black.png\",\"width\":1239,\"height\":850,\"caption\":\"Meri Westlin\"},\"image\":{\"@id\":\"https:\/\/www.meriwestlin.fi\/#\/schema\/logo\/image\/\"}}]}<\/script>\n<!-- \/ Yoast SEO plugin. -->","yoast_head_json":{"title":"Liina Meri Westlin","robots":{"index":"index","follow":"follow","max-snippet":"max-snippet:-1","max-image-preview":"max-image-preview:large","max-video-preview":"max-video-preview:-1"},"canonical":"https:\/\/www.meriwestlin.fi\/en\/liina\/","og_locale":"en_GB","og_type":"article","og_title":"Liina Meri Westlin","og_description":"2024 Liina MERI WESTLIN: LIINA &#8211; TEKSTIILIVEISTOKSIA METALLILANGASTA 30.7.-18.8.2024 Galleria Moletti, Forssan museo Meri Westlin on luonut Molettiin uuden teossarjan Liina. Se on jatkoa vuonna 2022 Finlayson Art Areassa Tampereella n\u00e4hdylle Garderobi-sarjalle. Suomalaisen tekstiiliteollisuuden historia yhdist\u00e4\u00e4 n\u00e4yttelytiloja sek\u00e4 my\u00f6s sijaintia. Tampere sek\u00e4 Forssa ovat molemmat olleet tekstiiliteollisuuden keskuksia. Tehtaan ty\u00f6ntekij\u00f6iden kertomukset ja muistot inspiroivat Westlini\u00e4 [&hellip;]","og_url":"https:\/\/www.meriwestlin.fi\/en\/liina\/","og_site_name":"Meri Westlin","article_modified_time":"2025-02-18T17:52:39+00:00","twitter_card":"summary_large_image","twitter_misc":{"Estimated reading time":"2 minutes"},"schema":{"@context":"https:\/\/schema.org","@graph":[{"@type":"WebPage","@id":"https:\/\/www.meriwestlin.fi\/liina\/","url":"https:\/\/www.meriwestlin.fi\/liina\/","name":"Liina Meri Westlin","isPartOf":{"@id":"https:\/\/www.meriwestlin.fi\/#website"},"datePublished":"2025-02-18T17:45:49+00:00","dateModified":"2025-02-18T17:52:39+00:00","breadcrumb":{"@id":"https:\/\/www.meriwestlin.fi\/liina\/#breadcrumb"},"inLanguage":"en-GB","potentialAction":[{"@type":"ReadAction","target":["https:\/\/www.meriwestlin.fi\/liina\/"]}]},{"@type":"BreadcrumbList","@id":"https:\/\/www.meriwestlin.fi\/liina\/#breadcrumb","itemListElement":[{"@type":"ListItem","position":1,"name":"Etusivu","item":"https:\/\/www.meriwestlin.fi\/"},{"@type":"ListItem","position":2,"name":"Liina"}]},{"@type":"WebSite","@id":"https:\/\/www.meriwestlin.fi\/#website","url":"https:\/\/www.meriwestlin.fi\/","name":"Meri Westlin","description":"Visual artist \/ Kuvataiteilija","publisher":{"@id":"https:\/\/www.meriwestlin.fi\/#organization"},"potentialAction":[{"@type":"SearchAction","target":{"@type":"EntryPoint","urlTemplate":"https:\/\/www.meriwestlin.fi\/?s={search_term_string}"},"query-input":{"@type":"PropertyValueSpecification","valueRequired":true,"valueName":"search_term_string"}}],"inLanguage":"en-GB"},{"@type":"Organization","@id":"https:\/\/www.meriwestlin.fi\/#organization","name":"Meri Westlin","url":"https:\/\/www.meriwestlin.fi\/","logo":{"@type":"ImageObject","inLanguage":"en-GB","@id":"https:\/\/www.meriwestlin.fi\/#\/schema\/logo\/image\/","url":"https:\/\/www.meriwestlin.fi\/wp-content\/uploads\/2022\/05\/cropped-Meri-Westlin-Logo-Black.png","contentUrl":"https:\/\/www.meriwestlin.fi\/wp-content\/uploads\/2022\/05\/cropped-Meri-Westlin-Logo-Black.png","width":1239,"height":850,"caption":"Meri Westlin"},"image":{"@id":"https:\/\/www.meriwestlin.fi\/#\/schema\/logo\/image\/"}}]}},"_links":{"self":[{"href":"https:\/\/www.meriwestlin.fi\/en\/wp-json\/wp\/v2\/pages\/2962","targetHints":{"allow":["GET"]}}],"collection":[{"href":"https:\/\/www.meriwestlin.fi\/en\/wp-json\/wp\/v2\/pages"}],"about":[{"href":"https:\/\/www.meriwestlin.fi\/en\/wp-json\/wp\/v2\/types\/page"}],"author":[{"embeddable":true,"href":"https:\/\/www.meriwestlin.fi\/en\/wp-json\/wp\/v2\/users\/4"}],"replies":[{"embeddable":true,"href":"https:\/\/www.meriwestlin.fi\/en\/wp-json\/wp\/v2\/comments?post=2962"}],"version-history":[{"count":4,"href":"https:\/\/www.meriwestlin.fi\/en\/wp-json\/wp\/v2\/pages\/2962\/revisions"}],"predecessor-version":[{"id":2975,"href":"https:\/\/www.meriwestlin.fi\/en\/wp-json\/wp\/v2\/pages\/2962\/revisions\/2975"}],"wp:attachment":[{"href":"https:\/\/www.meriwestlin.fi\/en\/wp-json\/wp\/v2\/media?parent=2962"}],"curies":[{"name":"wp","href":"https:\/\/api.w.org\/{rel}","templated":true}]}}