{"id":1274,"date":"2022-05-30T03:37:37","date_gmt":"2022-05-30T01:37:37","guid":{"rendered":"https:\/\/www.meriwestlin.fi\/?page_id=1274"},"modified":"2025-02-18T20:39:37","modified_gmt":"2025-02-18T18:39:37","slug":"portfolio","status":"publish","type":"page","link":"https:\/\/www.meriwestlin.fi\/en\/portfolio\/","title":{"rendered":"Portfolio"},"content":{"rendered":"<div data-elementor-type=\"wp-page\" data-elementor-id=\"1274\" class=\"elementor elementor-1274\" data-elementor-post-type=\"page\">\n\t\t\t\t\t\t<section class=\"elementor-section elementor-top-section elementor-element elementor-element-6b2cfccf elementor-section-height-min-height elementor-section-boxed elementor-section-height-default elementor-section-items-middle\" data-id=\"6b2cfccf\" data-element_type=\"section\">\n\t\t\t\t\t\t<div class=\"elementor-container elementor-column-gap-default\">\n\t\t\t\t\t<div class=\"elementor-column elementor-col-100 elementor-top-column elementor-element elementor-element-484cf184\" data-id=\"484cf184\" data-element_type=\"column\">\n\t\t\t<div class=\"elementor-widget-wrap elementor-element-populated\">\n\t\t\t\t\t\t<div class=\"elementor-element elementor-element-73eddc2 elementor-widget elementor-widget-heading\" data-id=\"73eddc2\" data-element_type=\"widget\" data-widget_type=\"heading.default\">\n\t\t\t\t<div class=\"elementor-widget-container\">\n\t\t\t\t\t<h2 class=\"elementor-heading-title elementor-size-default\">Portfolio<\/h2>\t\t\t\t<\/div>\n\t\t\t\t<\/div>\n\t\t\t\t<div class=\"elementor-element elementor-element-460c4c9 elementor-widget-divider--view-line elementor-widget elementor-widget-divider\" data-id=\"460c4c9\" data-element_type=\"widget\" data-widget_type=\"divider.default\">\n\t\t\t\t<div class=\"elementor-widget-container\">\n\t\t\t\t\t\t\t<div class=\"elementor-divider\">\n\t\t\t<span class=\"elementor-divider-separator\">\n\t\t\t\t\t\t<\/span>\n\t\t<\/div>\n\t\t\t\t\t\t<\/div>\n\t\t\t\t<\/div>\n\t\t\t\t<section class=\"elementor-section elementor-inner-section elementor-element elementor-element-c3e5e52 elementor-reverse-mobile elementor-section-boxed elementor-section-height-default elementor-section-height-default\" data-id=\"c3e5e52\" data-element_type=\"section\">\n\t\t\t\t\t\t<div class=\"elementor-container elementor-column-gap-default\">\n\t\t\t\t\t<div class=\"elementor-column elementor-col-50 elementor-inner-column elementor-element elementor-element-b0997dc elementor-hidden-desktop elementor-hidden-tablet elementor-hidden-mobile\" data-id=\"b0997dc\" data-element_type=\"column\">\n\t\t\t<div class=\"elementor-widget-wrap elementor-element-populated\">\n\t\t\t\t\t\t<div class=\"elementor-element elementor-element-f7f83ea elementor-widget elementor-widget-text-editor\" data-id=\"f7f83ea\" data-element_type=\"widget\" data-widget_type=\"text-editor.default\">\n\t\t\t\t<div class=\"elementor-widget-container\">\n\t\t\t\t\t\t\t\t\t<p>Olen k\u00e4sitellyt maalauksissani monia eri teemoja ja ty\u00f6st\u00e4nyt pitki\u00e4 teossarjoja, joista useimmat jatkuvat edelleen. Kasvistot, maisemat, ilvekset, k\u00e4sity\u00f6kuvastot, karjalaiset k\u00e4spaikat ovat olleen suuri inspiraation l\u00e4hde. Viime vuosituhannen lentokoneenmoottorit ovat kiehtoneet minua. Teoksieni suurin sis\u00e4lt\u00f6 on kauneus.<\/p><p>MERI WESTLIN: LIINA &#8211; TEKSTIILIVEISTOKSIA METALLILANGASTA 30.7.-18.8.2024<\/p><p>Galleria Moletti, Forssan museo<\/p><p>Meri Westlin on luonut Molettiin uuden teossarjan Liina. Se on jatkoa vuonna 2022 Finlayson Art Areassa Tampereella n\u00e4hdylle Garderobi-sarjalle. Suomalaisen tekstiiliteollisuuden historia yhdist\u00e4\u00e4 n\u00e4yttelytiloja sek\u00e4 my\u00f6s sijaintia. Tampere sek\u00e4 Forssa ovat molemmat olleet tekstiiliteollisuuden keskuksia. Tehtaan ty\u00f6ntekij\u00f6iden kertomukset ja muistot inspiroivat Westlini\u00e4 luomaan teoksia, jotka ovat kunnianosoituksia tekstiilialan ty\u00f6ntekij\u00f6ille. Suurin osa heist\u00e4 oli niin sanottuja puuvillatytt\u00f6j\u00e4, ja heit\u00e4 ajatellen installaatiosta l\u00f6ytyy siroja mekkoja.<\/p><p>Tematiikka juontaa melkein kolmenkymmenen vuoden taakse. Westlinin teos \u201dPohjoiskarjalainen Haute Couture\u201d oli esill\u00e4 vuonna 1997 Honkahovissa ja sen puistossa osana M\u00e4nt\u00e4n kuvataideviikkoja. Sielt\u00e4 teokset ovat jakautuneet eri kokoelmiin ja eri omistajille muun muassa Joensuun taidemuseoon, jossa niit\u00e4 n\u00e4htiin kokoelman\u00e4yttelyss\u00e4 vuonna 2021. Ne n\u00e4hty\u00e4\u00e4n Finlayson Art Arean kuraattori pyysi Westlini\u00e4 palaamaan teeman ja tekniikan pariin.<\/p><p>Meri Westlin on k\u00e4sitellyt tekstiiliteemaa teoksissaan aina, mutta n\u00e4k\u00f6kulma on ollut enemm\u00e4n kallistunut k\u00e4sit\u00f6ihin. H\u00e4nen K\u00e4spaikka-aiheiset maalauksensa, piirroksensa ja installaationsa ovat kiert\u00e4neet n\u00e4yttelyiss\u00e4 eri puolilla Suomea koko 2000-luvun ajan.<\/p><p>Vaikka uusissa teoksissa inspiraationa on ollut tekstiiliteollisuuden historia, on k\u00e4sill\u00e4 tekeminen niiss\u00e4 l\u00e4sn\u00e4 h\u00e4nen oman ty\u00f6skentelyns\u00e4 kautta. Westlin on kutonut k\u00e4sin metallilangasta ilmavia, miltei aineettomia veistoksia, joiden aiheena ovat pyyhkeet ja vaatteet tai ehk\u00e4 pikemminkin vaatteiden torsot. Ne eiv\u00e4t ole puettavia vaan viittaavat vaatteen muotoon er\u00e4\u00e4nlaisella arkkityyppisen mekon hahmolla, mielikuvalla mekosta.<\/p><p>N\u00e4yttely onkin kunnianosoitus naisten t\u00f6ille riippumatta siit\u00e4, onko ty\u00f6 tehty tekstiilitehtaassa vai k\u00e4sity\u00f6n\u00e4 kotona<\/p><p>Uusi Liina-sarja on kuparilangasta puikoilla kudottuja v\u00e4rikk\u00e4it\u00e4 pyyhkeit\u00e4. Niiden koko noudattelee Finlaysonin pyyhekokoa ja muutenkin ne linkittyv\u00e4t vanhan tekstiilitehtaan historiaan. Westlin on tutkinut vanhoja hienoja pellavapyyhkeit\u00e4, joissa n\u00e4kyv\u00e4t el\u00e4m\u00e4n v\u00e4rit vaaleasta tummaan. H\u00e4n on p\u00e4\u00e4tynyt ilmaisussaan minimiin, mutta valon ja varjon leikki saa materiaalin el\u00e4m\u00e4\u00e4n kauniisti.<\/p><p><em>Veikko Halmetoja<\/em><\/p><p>Meri Westlin on tamperelainen kuvataiteilija ja tekstiilitaiteilija, joka ty\u00f6skentelee Nokialla Nansotalossa. Westlin on koulutukseltaan taiteen maisteri ja valmistunut Aalto-yliopistosta 2001. H\u00e4n on osallistunut useisiin valtakunnallisiin yhteisn\u00e4yttelyihin ja pit\u00e4nyt useita yksityisn\u00e4yttelyit\u00e4. Westlin on ollut mukana ryhm\u00e4n\u00e4yttelyiss\u00e4 kotimaassa ja ulkomailla. H\u00e4net tunnetaan metallilankaveistosten ohella ekspressiivisist\u00e4 maalauksista. H\u00e4n maalaa sek\u00e4 perinteisesti kankaalle ett\u00e4 tekee erilaisia spray- ja sapluunavariaatioita paperille.<\/p><p>2023 JETSET -n\u00e4yttely. Elina Ruohonen &amp; Meri Westlin 2.6.\u20132.7.2023, Kulturhus Bj\u00f6rkboda, Kimito. Puutarhan suihkuseurapiirit kokoontuu kes\u00e4y\u00f6n valssiin.<\/p><p>Kukka juhlii -n\u00e4yttelykokonaisuus jatkoi 2019 alkanutta Kasvisto -sarjaa. Nyt keski\u00f6\u00f6n nousi puutarhan juhlat! Kukkien Jetset viritt\u00e4ytyi loistoonsa kes\u00e4n valkeina \u00f6in\u00e4 ja p\u00e4ivin\u00e4, huumaten kauneudellaan ja tuoksullaan koko luonnon. Maalausten l\u00e4ht\u00f6kohtana on ollut kes\u00e4inen villiniitty. Kes\u00e4y\u00f6n unelma kest\u00e4\u00e4 vain ohikiit\u00e4v\u00e4n hetken.<\/p><p>2022 Tampereen taiteilijaseuran Stipendin\u00e4yttely Taidekeskus M\u00e4ltinrannassa Tampereella. Kes\u00e4p\u00e4iv\u00e4n pienoiskuva -n\u00e4yttelyss\u00e4 oli kuvattu kasveja menneisyydest\u00e4, nykyhetkest\u00e4 ja tulevaisuudesta. Tulokulma maalauksiin oli valoisa, v\u00e4rik\u00e4s ja positiivinen. Kasvisto muuttuu puutarhaksi, puutarha paratiisiksi.<\/p><p>2022 FAA, Finlayson Art Area. Garderobi22 -teoskokonaisuus. Se on kunnianosoitus puuvillatehtaan ty\u00f6ntekij\u00f6ille. Kevyet, kuparilangasta neulotut puvut nousevat kuusvooninkisen vanhaan portaikkoon koko tilan pituudelta. T\u00e4m\u00e4 teos jatkaa suurimuotoisten installaatioiden sarjaa. Ne alkoivat M\u00e4nt\u00e4n kuvataideviikoilta 1997 teoksella Pohjois-Karjalainen Haute Couture (silloin viel\u00e4 Merja Miettinen).<\/p><p>Olen tehnyt suuria yhteis\u00f6taideteoksia mm. RAKKAUSLAULU trilogian vv. 2012-2017. Teoksen viimeinen osa NUORET SANAT oli esill\u00e4 Tekstiilitaiteen 10. triennaalissa Museokeskus Vapriikissa 1916-17.<\/p><p>2020 Himmelblau yksityisn\u00e4yttely Galleria Himmeliss\u00e4 Tampereella. N\u00e4yttelyss\u00e4 oli esill\u00e4 Kasvisto-nimisen sarjan isoja mustavalkoisia teoksia. Ne manifestoivat lajikatoa ja ihmisen vaikutusta ymp\u00e4rist\u00f6\u00f6ns\u00e4. Teokset maalasivat dystooppisen kuvan tulevaisuudesta.<\/p><p>2019 Olin mukana Kuvakirja kunnantalolla, Nastolan kes\u00e4n\u00e4yttelyss\u00e4 2019. &#8221;Mustavalkoinen paperille ty\u00f6stetty teossarja on saanut inspiraationsa vanhoista herbaarioista. Kasvisto-nimisess\u00e4 teoksessa on arvoituksellinen tunnelma ja kadulle tehtyjen sapluunamaalausten estetiikkaa, mutta alkuper\u00e4isen inspiraation l\u00e4hteen tunnistaa silti. Maalauksista koostuva installaatio on kuin seinille levitetty herbaario.&#8221; &#8211; Veikko Halmetoja.<\/p>\t\t\t\t\t\t\t\t<\/div>\n\t\t\t\t<\/div>\n\t\t\t\t\t<\/div>\n\t\t<\/div>\n\t\t\t\t<div class=\"elementor-column elementor-col-50 elementor-inner-column elementor-element elementor-element-38e1719\" data-id=\"38e1719\" data-element_type=\"column\">\n\t\t\t<div class=\"elementor-widget-wrap elementor-element-populated\">\n\t\t\t\t\t\t<div class=\"elementor-element elementor-element-99029c9 elementor-widget elementor-widget-button\" data-id=\"99029c9\" data-element_type=\"widget\" data-widget_type=\"button.default\">\n\t\t\t\t<div class=\"elementor-widget-container\">\n\t\t\t\t\t\t\t\t\t<div class=\"elementor-button-wrapper\">\n\t\t\t\t\t<a class=\"elementor-button elementor-button-link elementor-size-sm\" href=\"https:\/\/www.meriwestlin.fi\/en\/my-giverny\/\">\n\t\t\t\t\t\t<span class=\"elementor-button-content-wrapper\">\n\t\t\t\t\t\t\t\t\t<span class=\"elementor-button-text\">2025 My Giverny<\/span>\n\t\t\t\t\t<\/span>\n\t\t\t\t\t<\/a>\n\t\t\t\t<\/div>\n\t\t\t\t\t\t\t\t<\/div>\n\t\t\t\t<\/div>\n\t\t\t\t<div class=\"elementor-element elementor-element-f215246 elementor-widget elementor-widget-button\" data-id=\"f215246\" data-element_type=\"widget\" data-widget_type=\"button.default\">\n\t\t\t\t<div class=\"elementor-widget-container\">\n\t\t\t\t\t\t\t\t\t<div class=\"elementor-button-wrapper\">\n\t\t\t\t\t<a class=\"elementor-button elementor-button-link elementor-size-sm\" href=\"https:\/\/www.meriwestlin.fi\/en\/liina\/\">\n\t\t\t\t\t\t<span class=\"elementor-button-content-wrapper\">\n\t\t\t\t\t\t\t\t\t<span class=\"elementor-button-text\">2024 Liina<\/span>\n\t\t\t\t\t<\/span>\n\t\t\t\t\t<\/a>\n\t\t\t\t<\/div>\n\t\t\t\t\t\t\t\t<\/div>\n\t\t\t\t<\/div>\n\t\t\t\t<div class=\"elementor-element elementor-element-5ba90a9 elementor-widget elementor-widget-button\" data-id=\"5ba90a9\" data-element_type=\"widget\" data-widget_type=\"button.default\">\n\t\t\t\t<div class=\"elementor-widget-container\">\n\t\t\t\t\t\t\t\t\t<div class=\"elementor-button-wrapper\">\n\t\t\t\t\t<a class=\"elementor-button elementor-button-link elementor-size-sm\" href=\"https:\/\/www.meriwestlin.fi\/en\/kasvisto\/\">\n\t\t\t\t\t\t<span class=\"elementor-button-content-wrapper\">\n\t\t\t\t\t\t\t\t\t<span class=\"elementor-button-text\">2023 Kes\u00e4p\u00e4iv\u00e4n pienoiskuva \/ Kasvisto<\/span>\n\t\t\t\t\t<\/span>\n\t\t\t\t\t<\/a>\n\t\t\t\t<\/div>\n\t\t\t\t\t\t\t\t<\/div>\n\t\t\t\t<\/div>\n\t\t\t\t<div class=\"elementor-element elementor-element-37f1d8a elementor-widget elementor-widget-button\" data-id=\"37f1d8a\" data-element_type=\"widget\" data-widget_type=\"button.default\">\n\t\t\t\t<div class=\"elementor-widget-container\">\n\t\t\t\t\t\t\t\t\t<div class=\"elementor-button-wrapper\">\n\t\t\t\t\t<a class=\"elementor-button elementor-button-link elementor-size-sm\" href=\"https:\/\/www.meriwestlin.fi\/en\/garderobi-faa\/\">\n\t\t\t\t\t\t<span class=\"elementor-button-content-wrapper\">\n\t\t\t\t\t\t\t\t\t<span class=\"elementor-button-text\">2022 Garderobi \/ Installaatiot<\/span>\n\t\t\t\t\t<\/span>\n\t\t\t\t\t<\/a>\n\t\t\t\t<\/div>\n\t\t\t\t\t\t\t\t<\/div>\n\t\t\t\t<\/div>\n\t\t\t\t<div class=\"elementor-element elementor-element-d03983f elementor-widget elementor-widget-button\" data-id=\"d03983f\" data-element_type=\"widget\" data-widget_type=\"button.default\">\n\t\t\t\t<div class=\"elementor-widget-container\">\n\t\t\t\t\t\t\t\t\t<div class=\"elementor-button-wrapper\">\n\t\t\t\t\t<a class=\"elementor-button elementor-button-link elementor-size-sm\" href=\"https:\/\/www.meriwestlin.fi\/en\/lynx-lynx\/\">\n\t\t\t\t\t\t<span class=\"elementor-button-content-wrapper\">\n\t\t\t\t\t\t\t\t\t<span class=\"elementor-button-text\">2021  Lynx Lynx \/ ILVES<\/span>\n\t\t\t\t\t<\/span>\n\t\t\t\t\t<\/a>\n\t\t\t\t<\/div>\n\t\t\t\t\t\t\t\t<\/div>\n\t\t\t\t<\/div>\n\t\t\t\t<div class=\"elementor-element elementor-element-8025d4d elementor-widget elementor-widget-button\" data-id=\"8025d4d\" data-element_type=\"widget\" data-widget_type=\"button.default\">\n\t\t\t\t<div class=\"elementor-widget-container\">\n\t\t\t\t\t\t\t\t\t<div class=\"elementor-button-wrapper\">\n\t\t\t\t\t<a class=\"elementor-button elementor-button-link elementor-size-sm\" href=\"https:\/\/www.meriwestlin.fi\/en\/kasvisto-2050\/\">\n\t\t\t\t\t\t<span class=\"elementor-button-content-wrapper\">\n\t\t\t\t\t\t\t\t\t<span class=\"elementor-button-text\">2020 Dystooppiset kasvistot<\/span>\n\t\t\t\t\t<\/span>\n\t\t\t\t\t<\/a>\n\t\t\t\t<\/div>\n\t\t\t\t\t\t\t\t<\/div>\n\t\t\t\t<\/div>\n\t\t\t\t<div class=\"elementor-element elementor-element-9e5ac98 elementor-widget elementor-widget-button\" data-id=\"9e5ac98\" data-element_type=\"widget\" data-widget_type=\"button.default\">\n\t\t\t\t<div class=\"elementor-widget-container\">\n\t\t\t\t\t\t\t\t\t<div class=\"elementor-button-wrapper\">\n\t\t\t\t\t<a class=\"elementor-button elementor-button-link elementor-size-sm\" href=\"https:\/\/www.meriwestlin.fi\/en\/kaspaikka\/\">\n\t\t\t\t\t\t<span class=\"elementor-button-content-wrapper\">\n\t\t\t\t\t\t\t\t\t<span class=\"elementor-button-text\">2018 K\u00e4spaikka<\/span>\n\t\t\t\t\t<\/span>\n\t\t\t\t\t<\/a>\n\t\t\t\t<\/div>\n\t\t\t\t\t\t\t\t<\/div>\n\t\t\t\t<\/div>\n\t\t\t\t<div class=\"elementor-element elementor-element-e88007e elementor-widget elementor-widget-button\" data-id=\"e88007e\" data-element_type=\"widget\" data-widget_type=\"button.default\">\n\t\t\t\t<div class=\"elementor-widget-container\">\n\t\t\t\t\t\t\t\t\t<div class=\"elementor-button-wrapper\">\n\t\t\t\t\t<a class=\"elementor-button elementor-button-link elementor-size-sm\" href=\"https:\/\/www.meriwestlin.fi\/en\/yhteisotaide\/\">\n\t\t\t\t\t\t<span class=\"elementor-button-content-wrapper\">\n\t\t\t\t\t\t\t\t\t<span class=\"elementor-button-text\">2017 Nuoret sanat \/ Rakkauslaulu \/ Yhteis\u00f6taide<\/span>\n\t\t\t\t\t<\/span>\n\t\t\t\t\t<\/a>\n\t\t\t\t<\/div>\n\t\t\t\t\t\t\t\t<\/div>\n\t\t\t\t<\/div>\n\t\t\t\t<div class=\"elementor-element elementor-element-7e12a2e elementor-widget elementor-widget-button\" data-id=\"7e12a2e\" data-element_type=\"widget\" data-widget_type=\"button.default\">\n\t\t\t\t<div class=\"elementor-widget-container\">\n\t\t\t\t\t\t\t\t\t<div class=\"elementor-button-wrapper\">\n\t\t\t\t\t<a class=\"elementor-button elementor-button-link elementor-size-sm\" href=\"https:\/\/www.meriwestlin.fi\/en\/lentokonemoottorit\/\">\n\t\t\t\t\t\t<span class=\"elementor-button-content-wrapper\">\n\t\t\t\t\t\t\t\t\t<span class=\"elementor-button-text\">2004 Lentokonemoottorit<\/span>\n\t\t\t\t\t<\/span>\n\t\t\t\t\t<\/a>\n\t\t\t\t<\/div>\n\t\t\t\t\t\t\t\t<\/div>\n\t\t\t\t<\/div>\n\t\t\t\t<div class=\"elementor-element elementor-element-04de97a elementor-widget elementor-widget-button\" data-id=\"04de97a\" data-element_type=\"widget\" data-widget_type=\"button.default\">\n\t\t\t\t<div class=\"elementor-widget-container\">\n\t\t\t\t\t\t\t\t\t<div class=\"elementor-button-wrapper\">\n\t\t\t\t\t<a class=\"elementor-button elementor-button-link elementor-size-sm\" href=\"https:\/\/www.meriwestlin.fi\/en\/muita-maalauksia\/\">\n\t\t\t\t\t\t<span class=\"elementor-button-content-wrapper\">\n\t\t\t\t\t\t\t\t\t<span class=\"elementor-button-text\">Muita maalauksia \/ teoksia<\/span>\n\t\t\t\t\t<\/span>\n\t\t\t\t\t<\/a>\n\t\t\t\t<\/div>\n\t\t\t\t\t\t\t\t<\/div>\n\t\t\t\t<\/div>\n\t\t\t\t\t<\/div>\n\t\t<\/div>\n\t\t\t\t\t<\/div>\n\t\t<\/section>\n\t\t\t\t\t<\/div>\n\t\t<\/div>\n\t\t\t\t\t<\/div>\n\t\t<\/section>\n\t\t\t\t<\/div>","protected":false},"excerpt":{"rendered":"<p>Portfolio Olen k\u00e4sitellyt maalauksissani monia eri teemoja ja ty\u00f6st\u00e4nyt pitki\u00e4 teossarjoja, joista useimmat jatkuvat edelleen. Kasvistot, maisemat, ilvekset, k\u00e4sity\u00f6kuvastot, karjalaiset k\u00e4spaikat ovat olleen suuri inspiraation l\u00e4hde. Viime vuosituhannen lentokoneenmoottorit ovat kiehtoneet minua. Teoksieni suurin sis\u00e4lt\u00f6 on kauneus. MERI WESTLIN: LIINA &#8211; TEKSTIILIVEISTOKSIA METALLILANGASTA 30.7.-18.8.2024 Galleria Moletti, Forssan museo Meri Westlin on luonut Molettiin uuden teossarjan [&hellip;]<\/p>","protected":false},"author":4,"featured_media":0,"parent":0,"menu_order":0,"comment_status":"closed","ping_status":"closed","template":"","meta":{"_acf_changed":false,"footnotes":""},"class_list":["post-1274","page","type-page","status-publish","hentry"],"acf":[],"yoast_head":"<!-- This site is optimized with the Yoast SEO plugin v25.2 - https:\/\/yoast.com\/wordpress\/plugins\/seo\/ -->\n<title>Portfolio - Meri Westlin<\/title>\n<meta name=\"robots\" content=\"index, follow, max-snippet:-1, max-image-preview:large, max-video-preview:-1\" \/>\n<link rel=\"canonical\" href=\"https:\/\/www.meriwestlin.fi\/en\/portfolio\/\" \/>\n<meta property=\"og:locale\" content=\"en_GB\" \/>\n<meta property=\"og:type\" content=\"article\" \/>\n<meta property=\"og:title\" content=\"Portfolio - Meri Westlin\" \/>\n<meta property=\"og:description\" content=\"Portfolio Olen k\u00e4sitellyt maalauksissani monia eri teemoja ja ty\u00f6st\u00e4nyt pitki\u00e4 teossarjoja, joista useimmat jatkuvat edelleen. Kasvistot, maisemat, ilvekset, k\u00e4sity\u00f6kuvastot, karjalaiset k\u00e4spaikat ovat olleen suuri inspiraation l\u00e4hde. Viime vuosituhannen lentokoneenmoottorit ovat kiehtoneet minua. Teoksieni suurin sis\u00e4lt\u00f6 on kauneus. MERI WESTLIN: LIINA &#8211; TEKSTIILIVEISTOKSIA METALLILANGASTA 30.7.-18.8.2024 Galleria Moletti, Forssan museo Meri Westlin on luonut Molettiin uuden teossarjan [&hellip;]\" \/>\n<meta property=\"og:url\" content=\"https:\/\/www.meriwestlin.fi\/en\/portfolio\/\" \/>\n<meta property=\"og:site_name\" content=\"Meri Westlin\" \/>\n<meta property=\"article:modified_time\" content=\"2025-02-18T18:39:37+00:00\" \/>\n<meta name=\"twitter:card\" content=\"summary_large_image\" \/>\n<meta name=\"twitter:label1\" content=\"Estimated reading time\" \/>\n\t<meta name=\"twitter:data1\" content=\"4 minutes\" \/>\n<script type=\"application\/ld+json\" class=\"yoast-schema-graph\">{\"@context\":\"https:\/\/schema.org\",\"@graph\":[{\"@type\":\"WebPage\",\"@id\":\"https:\/\/www.meriwestlin.fi\/portfolio\/\",\"url\":\"https:\/\/www.meriwestlin.fi\/portfolio\/\",\"name\":\"Portfolio - Meri Westlin\",\"isPartOf\":{\"@id\":\"https:\/\/www.meriwestlin.fi\/#website\"},\"datePublished\":\"2022-05-30T01:37:37+00:00\",\"dateModified\":\"2025-02-18T18:39:37+00:00\",\"breadcrumb\":{\"@id\":\"https:\/\/www.meriwestlin.fi\/portfolio\/#breadcrumb\"},\"inLanguage\":\"en-GB\",\"potentialAction\":[{\"@type\":\"ReadAction\",\"target\":[\"https:\/\/www.meriwestlin.fi\/portfolio\/\"]}]},{\"@type\":\"BreadcrumbList\",\"@id\":\"https:\/\/www.meriwestlin.fi\/portfolio\/#breadcrumb\",\"itemListElement\":[{\"@type\":\"ListItem\",\"position\":1,\"name\":\"Etusivu\",\"item\":\"https:\/\/www.meriwestlin.fi\/\"},{\"@type\":\"ListItem\",\"position\":2,\"name\":\"Portfolio\"}]},{\"@type\":\"WebSite\",\"@id\":\"https:\/\/www.meriwestlin.fi\/#website\",\"url\":\"https:\/\/www.meriwestlin.fi\/\",\"name\":\"Meri Westlin\",\"description\":\"Visual artist \/ Kuvataiteilija\",\"publisher\":{\"@id\":\"https:\/\/www.meriwestlin.fi\/#organization\"},\"potentialAction\":[{\"@type\":\"SearchAction\",\"target\":{\"@type\":\"EntryPoint\",\"urlTemplate\":\"https:\/\/www.meriwestlin.fi\/?s={search_term_string}\"},\"query-input\":{\"@type\":\"PropertyValueSpecification\",\"valueRequired\":true,\"valueName\":\"search_term_string\"}}],\"inLanguage\":\"en-GB\"},{\"@type\":\"Organization\",\"@id\":\"https:\/\/www.meriwestlin.fi\/#organization\",\"name\":\"Meri Westlin\",\"url\":\"https:\/\/www.meriwestlin.fi\/\",\"logo\":{\"@type\":\"ImageObject\",\"inLanguage\":\"en-GB\",\"@id\":\"https:\/\/www.meriwestlin.fi\/#\/schema\/logo\/image\/\",\"url\":\"https:\/\/www.meriwestlin.fi\/wp-content\/uploads\/2022\/05\/cropped-Meri-Westlin-Logo-Black.png\",\"contentUrl\":\"https:\/\/www.meriwestlin.fi\/wp-content\/uploads\/2022\/05\/cropped-Meri-Westlin-Logo-Black.png\",\"width\":1239,\"height\":850,\"caption\":\"Meri Westlin\"},\"image\":{\"@id\":\"https:\/\/www.meriwestlin.fi\/#\/schema\/logo\/image\/\"}}]}<\/script>\n<!-- \/ Yoast SEO plugin. -->","yoast_head_json":{"title":"Portfolio - Meri Westlin","robots":{"index":"index","follow":"follow","max-snippet":"max-snippet:-1","max-image-preview":"max-image-preview:large","max-video-preview":"max-video-preview:-1"},"canonical":"https:\/\/www.meriwestlin.fi\/en\/portfolio\/","og_locale":"en_GB","og_type":"article","og_title":"Portfolio - Meri Westlin","og_description":"Portfolio Olen k\u00e4sitellyt maalauksissani monia eri teemoja ja ty\u00f6st\u00e4nyt pitki\u00e4 teossarjoja, joista useimmat jatkuvat edelleen. Kasvistot, maisemat, ilvekset, k\u00e4sity\u00f6kuvastot, karjalaiset k\u00e4spaikat ovat olleen suuri inspiraation l\u00e4hde. Viime vuosituhannen lentokoneenmoottorit ovat kiehtoneet minua. Teoksieni suurin sis\u00e4lt\u00f6 on kauneus. MERI WESTLIN: LIINA &#8211; TEKSTIILIVEISTOKSIA METALLILANGASTA 30.7.-18.8.2024 Galleria Moletti, Forssan museo Meri Westlin on luonut Molettiin uuden teossarjan [&hellip;]","og_url":"https:\/\/www.meriwestlin.fi\/en\/portfolio\/","og_site_name":"Meri Westlin","article_modified_time":"2025-02-18T18:39:37+00:00","twitter_card":"summary_large_image","twitter_misc":{"Estimated reading time":"4 minutes"},"schema":{"@context":"https:\/\/schema.org","@graph":[{"@type":"WebPage","@id":"https:\/\/www.meriwestlin.fi\/portfolio\/","url":"https:\/\/www.meriwestlin.fi\/portfolio\/","name":"Portfolio - Meri Westlin","isPartOf":{"@id":"https:\/\/www.meriwestlin.fi\/#website"},"datePublished":"2022-05-30T01:37:37+00:00","dateModified":"2025-02-18T18:39:37+00:00","breadcrumb":{"@id":"https:\/\/www.meriwestlin.fi\/portfolio\/#breadcrumb"},"inLanguage":"en-GB","potentialAction":[{"@type":"ReadAction","target":["https:\/\/www.meriwestlin.fi\/portfolio\/"]}]},{"@type":"BreadcrumbList","@id":"https:\/\/www.meriwestlin.fi\/portfolio\/#breadcrumb","itemListElement":[{"@type":"ListItem","position":1,"name":"Etusivu","item":"https:\/\/www.meriwestlin.fi\/"},{"@type":"ListItem","position":2,"name":"Portfolio"}]},{"@type":"WebSite","@id":"https:\/\/www.meriwestlin.fi\/#website","url":"https:\/\/www.meriwestlin.fi\/","name":"Meri Westlin","description":"Visual artist \/ Kuvataiteilija","publisher":{"@id":"https:\/\/www.meriwestlin.fi\/#organization"},"potentialAction":[{"@type":"SearchAction","target":{"@type":"EntryPoint","urlTemplate":"https:\/\/www.meriwestlin.fi\/?s={search_term_string}"},"query-input":{"@type":"PropertyValueSpecification","valueRequired":true,"valueName":"search_term_string"}}],"inLanguage":"en-GB"},{"@type":"Organization","@id":"https:\/\/www.meriwestlin.fi\/#organization","name":"Meri Westlin","url":"https:\/\/www.meriwestlin.fi\/","logo":{"@type":"ImageObject","inLanguage":"en-GB","@id":"https:\/\/www.meriwestlin.fi\/#\/schema\/logo\/image\/","url":"https:\/\/www.meriwestlin.fi\/wp-content\/uploads\/2022\/05\/cropped-Meri-Westlin-Logo-Black.png","contentUrl":"https:\/\/www.meriwestlin.fi\/wp-content\/uploads\/2022\/05\/cropped-Meri-Westlin-Logo-Black.png","width":1239,"height":850,"caption":"Meri Westlin"},"image":{"@id":"https:\/\/www.meriwestlin.fi\/#\/schema\/logo\/image\/"}}]}},"_links":{"self":[{"href":"https:\/\/www.meriwestlin.fi\/en\/wp-json\/wp\/v2\/pages\/1274","targetHints":{"allow":["GET"]}}],"collection":[{"href":"https:\/\/www.meriwestlin.fi\/en\/wp-json\/wp\/v2\/pages"}],"about":[{"href":"https:\/\/www.meriwestlin.fi\/en\/wp-json\/wp\/v2\/types\/page"}],"author":[{"embeddable":true,"href":"https:\/\/www.meriwestlin.fi\/en\/wp-json\/wp\/v2\/users\/4"}],"replies":[{"embeddable":true,"href":"https:\/\/www.meriwestlin.fi\/en\/wp-json\/wp\/v2\/comments?post=1274"}],"version-history":[{"count":173,"href":"https:\/\/www.meriwestlin.fi\/en\/wp-json\/wp\/v2\/pages\/1274\/revisions"}],"predecessor-version":[{"id":3067,"href":"https:\/\/www.meriwestlin.fi\/en\/wp-json\/wp\/v2\/pages\/1274\/revisions\/3067"}],"wp:attachment":[{"href":"https:\/\/www.meriwestlin.fi\/en\/wp-json\/wp\/v2\/media?parent=1274"}],"curies":[{"name":"wp","href":"https:\/\/api.w.org\/{rel}","templated":true}]}}