{"id":1265,"date":"2022-05-30T03:33:24","date_gmt":"2022-05-30T01:33:24","guid":{"rendered":"https:\/\/www.meriwestlin.fi\/?page_id=1265"},"modified":"2025-02-19T18:26:11","modified_gmt":"2025-02-19T16:26:11","slug":"yhteisotaide","status":"publish","type":"page","link":"https:\/\/www.meriwestlin.fi\/en\/yhteisotaide\/","title":{"rendered":"Yhteis\u00f6taide"},"content":{"rendered":"<div data-elementor-type=\"wp-page\" data-elementor-id=\"1265\" class=\"elementor elementor-1265\" data-elementor-post-type=\"page\">\n\t\t\t\t\t\t<section class=\"elementor-section elementor-top-section elementor-element elementor-element-fc06125 elementor-section-boxed elementor-section-height-default elementor-section-height-default\" data-id=\"fc06125\" data-element_type=\"section\">\n\t\t\t\t\t\t<div class=\"elementor-container elementor-column-gap-default\">\n\t\t\t\t\t<div class=\"elementor-column elementor-col-100 elementor-top-column elementor-element elementor-element-7b03f76\" data-id=\"7b03f76\" data-element_type=\"column\">\n\t\t\t<div class=\"elementor-widget-wrap elementor-element-populated\">\n\t\t\t\t\t\t<div class=\"elementor-element elementor-element-edea46d elementor-widget elementor-widget-heading\" data-id=\"edea46d\" data-element_type=\"widget\" data-widget_type=\"heading.default\">\n\t\t\t\t<div class=\"elementor-widget-container\">\n\t\t\t\t\t<h2 class=\"elementor-heading-title elementor-size-default\">2017 Nuoret sanat \/ Rakkauslaulu \/ Yhteis\u00f6taide<\/h2>\t\t\t\t<\/div>\n\t\t\t\t<\/div>\n\t\t\t\t<div class=\"elementor-element elementor-element-3d56ffb elementor-widget-divider--view-line elementor-widget elementor-widget-divider\" data-id=\"3d56ffb\" data-element_type=\"widget\" data-widget_type=\"divider.default\">\n\t\t\t\t<div class=\"elementor-widget-container\">\n\t\t\t\t\t\t\t<div class=\"elementor-divider\">\n\t\t\t<span class=\"elementor-divider-separator\">\n\t\t\t\t\t\t<\/span>\n\t\t<\/div>\n\t\t\t\t\t\t<\/div>\n\t\t\t\t<\/div>\n\t\t\t\t\t<\/div>\n\t\t<\/div>\n\t\t\t\t\t<\/div>\n\t\t<\/section>\n\t\t\t\t<section class=\"elementor-section elementor-top-section elementor-element elementor-element-74f021e elementor-section-boxed elementor-section-height-default elementor-section-height-default\" data-id=\"74f021e\" data-element_type=\"section\">\n\t\t\t\t\t\t<div class=\"elementor-container elementor-column-gap-default\">\n\t\t\t\t\t<div class=\"elementor-column elementor-col-100 elementor-top-column elementor-element elementor-element-de36aa5\" data-id=\"de36aa5\" data-element_type=\"column\">\n\t\t\t<div class=\"elementor-widget-wrap elementor-element-populated\">\n\t\t\t\t\t\t<div class=\"elementor-element elementor-element-45073ba elementor-widget__width-initial elementor-widget elementor-widget-gallery\" data-id=\"45073ba\" data-element_type=\"widget\" data-settings=\"{&quot;gallery_layout&quot;:&quot;masonry&quot;,&quot;columns&quot;:1,&quot;gap&quot;:{&quot;unit&quot;:&quot;px&quot;,&quot;size&quot;:300,&quot;sizes&quot;:[]},&quot;overlay_title&quot;:&quot;title&quot;,&quot;overlay_description&quot;:&quot;caption&quot;,&quot;columns_tablet&quot;:1,&quot;gap_mobile&quot;:{&quot;unit&quot;:&quot;px&quot;,&quot;size&quot;:250,&quot;sizes&quot;:[]},&quot;_animation&quot;:&quot;none&quot;,&quot;gap_tablet&quot;:{&quot;unit&quot;:&quot;px&quot;,&quot;size&quot;:200,&quot;sizes&quot;:[]},&quot;lazyload&quot;:&quot;yes&quot;,&quot;columns_mobile&quot;:1,&quot;link_to&quot;:&quot;file&quot;}\" data-widget_type=\"gallery.default\">\n\t\t\t\t<div class=\"elementor-widget-container\">\n\t\t\t\t\t\t\t<div class=\"elementor-gallery__container\">\n\t\t\t\t\t\t\t<a class=\"e-gallery-item elementor-gallery-item\" href=\"https:\/\/www.meriwestlin.fi\/wp-content\/uploads\/2022\/05\/Yhteisotaide-DSCN4671.jpg\" data-elementor-open-lightbox=\"yes\" data-elementor-lightbox-slideshow=\"45073ba\" data-e-action-hash=\"#elementor-action%3Aaction%3Dlightbox%26settings%3DeyJpZCI6MjcwLCJ1cmwiOiJodHRwczpcL1wvd3d3Lm1lcml3ZXN0bGluLmZpXC93cC1jb250ZW50XC91cGxvYWRzXC8yMDIyXC8wNVwvWWh0ZWlzb3RhaWRlLURTQ040NjcxLmpwZyIsInNsaWRlc2hvdyI6IjQ1MDczYmEifQ%3D%3D\">\n\t\t\t\t\t<div class=\"e-gallery-image elementor-gallery-item__image\" data-thumbnail=\"https:\/\/www.meriwestlin.fi\/wp-content\/uploads\/2022\/05\/Yhteisotaide-DSCN4671.jpg\" data-width=\"1400\" data-height=\"926\" aria-label=\"Yhteis\u00f6taide Meri Westlin, Nuoret sanat 2013\" role=\"img\" ><\/div>\n\t\t\t\t\t\t\t\t\t\t\t\t\t\t\t<div class=\"elementor-gallery-item__content\">\n\t\t\t\t\t\t\t\t\t\t\t\t\t\t<div class=\"elementor-gallery-item__title\">\n\t\t\t\t\t\t\t\t\t\t\t\t\t\t\t\t\t\tNuoret sanat 2016-17\t\t\t\t\t\t\t\t<\/div>\n\t\t\t\t\t\t\t\t\t\t\t\t\t\t\t<div class=\"elementor-gallery-item__description\">\n\t\t\t\t\t\t\t\t\t\t\t\t\t\t\t\t\t\tMonitoimitalo, Tampere\t\t\t\t\t\t\t\t<\/div>\n\t\t\t\t\t\t\t\t\t\t\t\t<\/div>\n\t\t\t\t\t\t\t\t\t<\/a>\n\t\t\t\t\t\t\t<a class=\"e-gallery-item elementor-gallery-item\" href=\"https:\/\/www.meriwestlin.fi\/wp-content\/uploads\/2022\/05\/Yhteisotaide-IMG_0564_2.jpg\" data-elementor-open-lightbox=\"yes\" data-elementor-lightbox-slideshow=\"45073ba\" data-e-action-hash=\"#elementor-action%3Aaction%3Dlightbox%26settings%3DeyJpZCI6MjgxLCJ1cmwiOiJodHRwczpcL1wvd3d3Lm1lcml3ZXN0bGluLmZpXC93cC1jb250ZW50XC91cGxvYWRzXC8yMDIyXC8wNVwvWWh0ZWlzb3RhaWRlLUlNR18wNTY0XzIuanBnIiwic2xpZGVzaG93IjoiNDUwNzNiYSJ9\">\n\t\t\t\t\t<div class=\"e-gallery-image elementor-gallery-item__image\" data-thumbnail=\"https:\/\/www.meriwestlin.fi\/wp-content\/uploads\/2022\/05\/Yhteisotaide-IMG_0564_2.jpg\" data-width=\"1400\" data-height=\"1050\" aria-label=\"Yhteis\u00f6taide Meri Westlin, Nuoret sanat 2013\" role=\"img\" ><\/div>\n\t\t\t\t\t\t\t\t\t\t\t\t\t\t\t<div class=\"elementor-gallery-item__content\">\n\t\t\t\t\t\t\t\t\t\t\t\t\t\t<div class=\"elementor-gallery-item__title\">\n\t\t\t\t\t\t\t\t\t\t\t\t\t\t\t\t\t\tNuoret sanat 2016-17\t\t\t\t\t\t\t\t<\/div>\n\t\t\t\t\t\t\t\t\t\t\t\t\t\t\t<div class=\"elementor-gallery-item__description\">\n\t\t\t\t\t\t\t\t\t\t\t\t\t\t\t\t\t\tMonitoimitalo, Tampere\t\t\t\t\t\t\t\t<\/div>\n\t\t\t\t\t\t\t\t\t\t\t\t<\/div>\n\t\t\t\t\t\t\t\t\t<\/a>\n\t\t\t\t\t\t\t<a class=\"e-gallery-item elementor-gallery-item\" href=\"https:\/\/www.meriwestlin.fi\/wp-content\/uploads\/2022\/05\/Yhteisotaide-IMG_1653_2.jpg\" data-elementor-open-lightbox=\"yes\" data-elementor-lightbox-slideshow=\"45073ba\" data-e-action-hash=\"#elementor-action%3Aaction%3Dlightbox%26settings%3DeyJpZCI6MjgyLCJ1cmwiOiJodHRwczpcL1wvd3d3Lm1lcml3ZXN0bGluLmZpXC93cC1jb250ZW50XC91cGxvYWRzXC8yMDIyXC8wNVwvWWh0ZWlzb3RhaWRlLUlNR18xNjUzXzIuanBnIiwic2xpZGVzaG93IjoiNDUwNzNiYSJ9\">\n\t\t\t\t\t<div class=\"e-gallery-image elementor-gallery-item__image\" data-thumbnail=\"https:\/\/www.meriwestlin.fi\/wp-content\/uploads\/2022\/05\/Yhteisotaide-IMG_1653_2.jpg\" data-width=\"1400\" data-height=\"736\" aria-label=\"Yhteis\u00f6taide Meri Westlin, Nuoret sanat 2013\" role=\"img\" ><\/div>\n\t\t\t\t\t\t\t\t\t\t\t\t\t\t\t<div class=\"elementor-gallery-item__content\">\n\t\t\t\t\t\t\t\t\t\t\t\t\t\t<div class=\"elementor-gallery-item__title\">\n\t\t\t\t\t\t\t\t\t\t\t\t\t\t\t\t\t\tNuoret sanat 2016-17\t\t\t\t\t\t\t\t<\/div>\n\t\t\t\t\t\t\t\t\t\t\t\t\t\t\t<div class=\"elementor-gallery-item__description\">\n\t\t\t\t\t\t\t\t\t\t\t\t\t\t\t\t\t\tTekstiilitaiteen 10. triennaali, Vapriikki, Tampere\t\t\t\t\t\t\t\t<\/div>\n\t\t\t\t\t\t\t\t\t\t\t\t<\/div>\n\t\t\t\t\t\t\t\t\t<\/a>\n\t\t\t\t\t\t\t<a class=\"e-gallery-item elementor-gallery-item\" href=\"https:\/\/www.meriwestlin.fi\/wp-content\/uploads\/2022\/05\/Yhteisotaide-monari-13.jpg\" data-elementor-open-lightbox=\"yes\" data-elementor-lightbox-slideshow=\"45073ba\" data-e-action-hash=\"#elementor-action%3Aaction%3Dlightbox%26settings%3DeyJpZCI6MjczLCJ1cmwiOiJodHRwczpcL1wvd3d3Lm1lcml3ZXN0bGluLmZpXC93cC1jb250ZW50XC91cGxvYWRzXC8yMDIyXC8wNVwvWWh0ZWlzb3RhaWRlLW1vbmFyaS0xMy5qcGciLCJzbGlkZXNob3ciOiI0NTA3M2JhIn0%3D\">\n\t\t\t\t\t<div class=\"e-gallery-image elementor-gallery-item__image\" data-thumbnail=\"https:\/\/www.meriwestlin.fi\/wp-content\/uploads\/2022\/05\/Yhteisotaide-monari-13.jpg\" data-width=\"1400\" data-height=\"1246\" aria-label=\"Yhteis\u00f6taide Meri Westlin, Nuoret sanat 2013\" role=\"img\" ><\/div>\n\t\t\t\t\t\t\t\t\t\t\t\t\t\t\t<div class=\"elementor-gallery-item__content\">\n\t\t\t\t\t\t\t\t\t\t\t\t\t\t<div class=\"elementor-gallery-item__title\">\n\t\t\t\t\t\t\t\t\t\t\t\t\t\t\t\t\t\tNuoret sanat 2014\t\t\t\t\t\t\t\t<\/div>\n\t\t\t\t\t\t\t\t\t\t\t\t\t\t\t<div class=\"elementor-gallery-item__description\">\n\t\t\t\t\t\t\t\t\t\t\t\t\t\t\t\t\t\tMonitoimitalo, Tampere\t\t\t\t\t\t\t\t<\/div>\n\t\t\t\t\t\t\t\t\t\t\t\t<\/div>\n\t\t\t\t\t\t\t\t\t<\/a>\n\t\t\t\t\t\t\t<a class=\"e-gallery-item elementor-gallery-item\" href=\"https:\/\/www.meriwestlin.fi\/wp-content\/uploads\/2022\/05\/Yhteisotaide-12.jpg\" data-elementor-open-lightbox=\"yes\" data-elementor-lightbox-slideshow=\"45073ba\" data-e-action-hash=\"#elementor-action%3Aaction%3Dlightbox%26settings%3DeyJpZCI6MjY4LCJ1cmwiOiJodHRwczpcL1wvd3d3Lm1lcml3ZXN0bGluLmZpXC93cC1jb250ZW50XC91cGxvYWRzXC8yMDIyXC8wNVwvWWh0ZWlzb3RhaWRlLTEyLmpwZyIsInNsaWRlc2hvdyI6IjQ1MDczYmEifQ%3D%3D\">\n\t\t\t\t\t<div class=\"e-gallery-image elementor-gallery-item__image\" data-thumbnail=\"https:\/\/www.meriwestlin.fi\/wp-content\/uploads\/2022\/05\/Yhteisotaide-12.jpg\" data-width=\"1050\" data-height=\"1400\" aria-label=\"Yhteis\u00f6taide Meri Westlin, Rakastan sinua kaikilla kielill\u00e4 2013\" role=\"img\" ><\/div>\n\t\t\t\t\t\t\t\t\t\t\t\t\t\t\t<div class=\"elementor-gallery-item__content\">\n\t\t\t\t\t\t\t\t\t\t\t\t\t\t<div class=\"elementor-gallery-item__title\">\n\t\t\t\t\t\t\t\t\t\t\t\t\t\t\t\t\t\tRakastan sinua kaikilla kielill\u00e4 2013\t\t\t\t\t\t\t\t<\/div>\n\t\t\t\t\t\t\t\t\t\t\t\t\t\t\t<div class=\"elementor-gallery-item__description\">\n\t\t\t\t\t\t\t\t\t\t\t\t\t\t\t\t\t\tMuseo Civico, Bracciano, Italia\t\t\t\t\t\t\t\t<\/div>\n\t\t\t\t\t\t\t\t\t\t\t\t<\/div>\n\t\t\t\t\t\t\t\t\t<\/a>\n\t\t\t\t\t\t\t<a class=\"e-gallery-item elementor-gallery-item\" href=\"https:\/\/www.meriwestlin.fi\/wp-content\/uploads\/2022\/05\/Yhteisotaide-13.jpg\" data-elementor-open-lightbox=\"yes\" data-elementor-lightbox-slideshow=\"45073ba\" data-e-action-hash=\"#elementor-action%3Aaction%3Dlightbox%26settings%3DeyJpZCI6MjYzLCJ1cmwiOiJodHRwczpcL1wvd3d3Lm1lcml3ZXN0bGluLmZpXC93cC1jb250ZW50XC91cGxvYWRzXC8yMDIyXC8wNVwvWWh0ZWlzb3RhaWRlLTEzLmpwZyIsInNsaWRlc2hvdyI6IjQ1MDczYmEifQ%3D%3D\">\n\t\t\t\t\t<div class=\"e-gallery-image elementor-gallery-item__image\" data-thumbnail=\"https:\/\/www.meriwestlin.fi\/wp-content\/uploads\/2022\/05\/Yhteisotaide-13.jpg\" data-width=\"552\" data-height=\"906\" aria-label=\"Yhteis\u00f6taide Meri Westlin, Rakastan sinua kaikilla kielill\u00e4 2013\" role=\"img\" ><\/div>\n\t\t\t\t\t\t\t\t\t\t\t\t\t\t\t<div class=\"elementor-gallery-item__content\">\n\t\t\t\t\t\t\t\t\t\t\t\t\t\t<div class=\"elementor-gallery-item__title\">\n\t\t\t\t\t\t\t\t\t\t\t\t\t\t\t\t\t\tRakastan sinua kaikilla kielill\u00e4 2013\t\t\t\t\t\t\t\t<\/div>\n\t\t\t\t\t\t\t\t\t\t\t\t\t\t\t<div class=\"elementor-gallery-item__description\">\n\t\t\t\t\t\t\t\t\t\t\t\t\t\t\t\t\t\tMuseo Civico, Bracciano, Italia\t\t\t\t\t\t\t\t<\/div>\n\t\t\t\t\t\t\t\t\t\t\t\t<\/div>\n\t\t\t\t\t\t\t\t\t<\/a>\n\t\t\t\t\t\t\t<a class=\"e-gallery-item elementor-gallery-item\" href=\"https:\/\/www.meriwestlin.fi\/wp-content\/uploads\/2022\/05\/Yhteisotaide-7.jpg\" data-elementor-open-lightbox=\"yes\" data-elementor-lightbox-slideshow=\"45073ba\" data-e-action-hash=\"#elementor-action%3Aaction%3Dlightbox%26settings%3DeyJpZCI6MjYyLCJ1cmwiOiJodHRwczpcL1wvd3d3Lm1lcml3ZXN0bGluLmZpXC93cC1jb250ZW50XC91cGxvYWRzXC8yMDIyXC8wNVwvWWh0ZWlzb3RhaWRlLTcuanBnIiwic2xpZGVzaG93IjoiNDUwNzNiYSJ9\">\n\t\t\t\t\t<div class=\"e-gallery-image elementor-gallery-item__image\" data-thumbnail=\"https:\/\/www.meriwestlin.fi\/wp-content\/uploads\/2022\/05\/Yhteisotaide-7.jpg\" data-width=\"1031\" data-height=\"880\" aria-label=\"Yhteis\u00f6taide Meri Westlin, Rakkauslaulu 2012\" role=\"img\" ><\/div>\n\t\t\t\t\t\t\t\t\t\t\t\t\t\t\t<div class=\"elementor-gallery-item__content\">\n\t\t\t\t\t\t\t\t\t\t\t\t\t\t<div class=\"elementor-gallery-item__title\">\n\t\t\t\t\t\t\t\t\t\t\t\t\t\t\t\t\t\tRakkauslaulu 2012\t\t\t\t\t\t\t\t<\/div>\n\t\t\t\t\t\t\t\t\t\t\t\t\t\t\t<div class=\"elementor-gallery-item__description\">\n\t\t\t\t\t\t\t\t\t\t\t\t\t\t\t\t\t\tPirkanmaan 5. Triennaali, El\u00e4m\u00e4ntapa, Tampere\t\t\t\t\t\t\t\t<\/div>\n\t\t\t\t\t\t\t\t\t\t\t\t<\/div>\n\t\t\t\t\t\t\t\t\t<\/a>\n\t\t\t\t\t\t\t<a class=\"e-gallery-item elementor-gallery-item\" href=\"https:\/\/www.meriwestlin.fi\/wp-content\/uploads\/2022\/06\/Westlin-yhteisotaide-Olette-minulle-tarkeinta.jpg\" data-elementor-open-lightbox=\"yes\" data-elementor-lightbox-slideshow=\"45073ba\" data-e-action-hash=\"#elementor-action%3Aaction%3Dlightbox%26settings%3DeyJpZCI6MjIzNCwidXJsIjoiaHR0cHM6XC9cL3d3dy5tZXJpd2VzdGxpbi5maVwvd3AtY29udGVudFwvdXBsb2Fkc1wvMjAyMlwvMDZcL1dlc3RsaW4teWh0ZWlzb3RhaWRlLU9sZXR0ZS1taW51bGxlLXRhcmtlaW50YS5qcGciLCJzbGlkZXNob3ciOiI0NTA3M2JhIn0%3D\">\n\t\t\t\t\t<div class=\"e-gallery-image elementor-gallery-item__image\" data-thumbnail=\"https:\/\/www.meriwestlin.fi\/wp-content\/uploads\/2022\/06\/Westlin-yhteisotaide-Olette-minulle-tarkeinta.jpg\" data-width=\"1400\" data-height=\"1072\" aria-label=\"Westlin yhteis\u00f6taide - Olette minulle t\u00e4rkeint\u00e4\" role=\"img\" ><\/div>\n\t\t\t\t\t\t\t\t\t\t\t\t\t\t\t<div class=\"elementor-gallery-item__content\">\n\t\t\t\t\t\t\t\t\t\t\t\t\t\t<div class=\"elementor-gallery-item__title\">\n\t\t\t\t\t\t\t\t\t\t\t\t\t\t\t\t\t\tRakkauslaulu 2012\t\t\t\t\t\t\t\t<\/div>\n\t\t\t\t\t\t\t\t\t\t\t\t\t\t\t<div class=\"elementor-gallery-item__description\">\n\t\t\t\t\t\t\t\t\t\t\t\t\t\t\t\t\t\tPirkanmaan 5. Triennaali, El\u00e4m\u00e4ntapa, Tampere\t\t\t\t\t\t\t\t<\/div>\n\t\t\t\t\t\t\t\t\t\t\t\t<\/div>\n\t\t\t\t\t\t\t\t\t<\/a>\n\t\t\t\t\t\t\t<a class=\"e-gallery-item elementor-gallery-item\" href=\"https:\/\/www.meriwestlin.fi\/wp-content\/uploads\/2022\/05\/Yhteisotaide-5.jpg\" data-elementor-open-lightbox=\"yes\" data-elementor-lightbox-slideshow=\"45073ba\" data-e-action-hash=\"#elementor-action%3Aaction%3Dlightbox%26settings%3DeyJpZCI6MjY3LCJ1cmwiOiJodHRwczpcL1wvd3d3Lm1lcml3ZXN0bGluLmZpXC93cC1jb250ZW50XC91cGxvYWRzXC8yMDIyXC8wNVwvWWh0ZWlzb3RhaWRlLTUuanBnIiwic2xpZGVzaG93IjoiNDUwNzNiYSJ9\">\n\t\t\t\t\t<div class=\"e-gallery-image elementor-gallery-item__image\" data-thumbnail=\"https:\/\/www.meriwestlin.fi\/wp-content\/uploads\/2022\/05\/Yhteisotaide-5.jpg\" data-width=\"1400\" data-height=\"972\" aria-label=\"Yhteis\u00f6taide Meri Westlin, Rakkauslaulu 2012\" role=\"img\" ><\/div>\n\t\t\t\t\t\t\t\t\t\t\t\t\t\t\t<div class=\"elementor-gallery-item__content\">\n\t\t\t\t\t\t\t\t\t\t\t\t\t\t<div class=\"elementor-gallery-item__title\">\n\t\t\t\t\t\t\t\t\t\t\t\t\t\t\t\t\t\tRakkauslaulu 2012\t\t\t\t\t\t\t\t<\/div>\n\t\t\t\t\t\t\t\t\t\t\t\t\t\t\t<div class=\"elementor-gallery-item__description\">\n\t\t\t\t\t\t\t\t\t\t\t\t\t\t\t\t\t\tPirkanmaan 5. Triennaali, El\u00e4m\u00e4ntapa, Tampere\t\t\t\t\t\t\t\t<\/div>\n\t\t\t\t\t\t\t\t\t\t\t\t<\/div>\n\t\t\t\t\t\t\t\t\t<\/a>\n\t\t\t\t\t\t\t<a class=\"e-gallery-item elementor-gallery-item\" href=\"https:\/\/www.meriwestlin.fi\/wp-content\/uploads\/2022\/05\/Yhteisotaide-3.jpg\" data-elementor-open-lightbox=\"yes\" data-elementor-lightbox-slideshow=\"45073ba\" data-e-action-hash=\"#elementor-action%3Aaction%3Dlightbox%26settings%3DeyJpZCI6MjY2LCJ1cmwiOiJodHRwczpcL1wvd3d3Lm1lcml3ZXN0bGluLmZpXC93cC1jb250ZW50XC91cGxvYWRzXC8yMDIyXC8wNVwvWWh0ZWlzb3RhaWRlLTMuanBnIiwic2xpZGVzaG93IjoiNDUwNzNiYSJ9\">\n\t\t\t\t\t<div class=\"e-gallery-image elementor-gallery-item__image\" data-thumbnail=\"https:\/\/www.meriwestlin.fi\/wp-content\/uploads\/2022\/05\/Yhteisotaide-3.jpg\" data-width=\"1400\" data-height=\"1050\" aria-label=\"Yhteis\u00f6taide Meri Westlin, Rakkauslaulu 2012\" role=\"img\" ><\/div>\n\t\t\t\t\t\t\t\t\t\t\t\t\t\t\t<div class=\"elementor-gallery-item__content\">\n\t\t\t\t\t\t\t\t\t\t\t\t\t\t<div class=\"elementor-gallery-item__title\">\n\t\t\t\t\t\t\t\t\t\t\t\t\t\t\t\t\t\tRakkauslaulu 2012\t\t\t\t\t\t\t\t<\/div>\n\t\t\t\t\t\t\t\t\t\t\t\t\t\t\t<div class=\"elementor-gallery-item__description\">\n\t\t\t\t\t\t\t\t\t\t\t\t\t\t\t\t\t\tPirkanmaan 5. Triennaali, El\u00e4m\u00e4ntapa, Tampere\t\t\t\t\t\t\t\t<\/div>\n\t\t\t\t\t\t\t\t\t\t\t\t<\/div>\n\t\t\t\t\t\t\t\t\t<\/a>\n\t\t\t\t\t<\/div>\n\t\t\t\t\t<\/div>\n\t\t\t\t<\/div>\n\t\t\t\t\t<\/div>\n\t\t<\/div>\n\t\t\t\t\t<\/div>\n\t\t<\/section>\n\t\t\t\t<section class=\"elementor-section elementor-top-section elementor-element elementor-element-03114e5 elementor-section-boxed elementor-section-height-default elementor-section-height-default\" data-id=\"03114e5\" data-element_type=\"section\">\n\t\t\t\t\t\t<div class=\"elementor-container elementor-column-gap-default\">\n\t\t\t\t\t<div class=\"elementor-column elementor-col-100 elementor-top-column elementor-element elementor-element-bb2c25d\" data-id=\"bb2c25d\" data-element_type=\"column\">\n\t\t\t<div class=\"elementor-widget-wrap elementor-element-populated\">\n\t\t\t\t\t\t<div class=\"elementor-element elementor-element-9ed9e74 elementor-widget__width-initial elementor-widget elementor-widget-text-editor\" data-id=\"9ed9e74\" data-element_type=\"widget\" data-widget_type=\"text-editor.default\">\n\t\t\t\t<div class=\"elementor-widget-container\">\n\t\t\t\t\t\t\t\t\t<div class=\"gs\"><div class=\"\"><div id=\":3sm\" class=\"ii gt\"><div id=\":3sn\" class=\"a3s aiL\"><div dir=\"ltr\"><div class=\"gmail_default\"><div class=\"gmail_default\">Yhteis\u00f6taide<\/div><div class=\"gmail_default\">\u00a0<\/div><div class=\"gmail_default\">Rakkauslaulu 1,2 ja 3<\/div><div class=\"gmail_default\">\u00a0<\/div><div class=\"gmail_default\">Ensimm\u00e4inen Rakkauslaulu-trilogian osa valmistui Pirkanmaan triennaalliin 2012. T\u00e4m\u00e4 oli kooltaa n. 40m2 ja siihen osallistui kanssani yli sata ihmist\u00e4. Tekij\u00e4t kirjoivat vohvelikankaalle punaisella langalla omat rakkauden sanat, runot, laulut ja muut kirjoitukset. Lopputulos oli vaimaannuttava ja kaunis! Teos oli esill\u00e4 Ty\u00f6v\u00e4enverstaan portaikossa. Toinen osa &#8221;I love you every language&#8221; oli esill\u00e4 Museo Civico, Braccianossa kes\u00e4ll\u00e4 2013. T\u00e4ss\u00e4 teoksessa oli rakkauden sanoja monella kielell\u00e4.<\/div><div class=\"gmail_default\">\u00a0<\/div><div class=\"gmail_default\">Trilogian p\u00e4\u00e4t\u00f6steos NUORET SANAT 2013 oli yhteis\u00f6taideteos, jossa toteuttajina olivat lapset ja nuoret. Valkoiselle vohvelikankaalle mustalla langalla kirjotut hyv\u00e4t ja pahat rakkauden sanat muodostivat suuren teoskokonaisuuden. Sanat l\u00e4htiv\u00e4t tekij\u00f6iden maailmasta peilaten nykyteinien tuntoja ja k\u00e4sityksi\u00e4 v\u00e4litt\u00e4misen\/rakastamiesen ja vihankin sanastoilla. Teokseen tehtiin uusi p\u00e4ivitys 2016, kun se oli esill\u00e4 Tekstiilitaiteen 10. Tekstiilitriennaalissa Tampereen Vapriikissa 2016-17.<\/div><\/div><\/div><div class=\"yj6qo\">\u00a0<\/div><div class=\"adL\">\u00a0<\/div><\/div><\/div><\/div><\/div>\t\t\t\t\t\t\t\t<\/div>\n\t\t\t\t<\/div>\n\t\t\t\t\t<\/div>\n\t\t<\/div>\n\t\t\t\t\t<\/div>\n\t\t<\/section>\n\t\t\t\t<\/div>","protected":false},"excerpt":{"rendered":"<p>2017 Nuoret sanat \/ Rakkauslaulu \/ Yhteis\u00f6taide Nuoret sanat 2016-17 Monitoimitalo, Tampere Nuoret sanat 2016-17 Monitoimitalo, Tampere Nuoret sanat 2016-17 Tekstiilitaiteen 10. triennaali, Vapriikki, Tampere Nuoret sanat 2014 Monitoimitalo, Tampere Rakastan sinua kaikilla kielill\u00e4 2013 Museo Civico, Bracciano, Italia Rakastan sinua kaikilla kielill\u00e4 2013 Museo Civico, Bracciano, Italia Rakkauslaulu 2012 Pirkanmaan 5. Triennaali, El\u00e4m\u00e4ntapa, Tampere [&hellip;]<\/p>","protected":false},"author":4,"featured_media":0,"parent":0,"menu_order":0,"comment_status":"closed","ping_status":"closed","template":"","meta":{"_acf_changed":false,"footnotes":""},"class_list":["post-1265","page","type-page","status-publish","hentry"],"acf":[],"yoast_head":"<!-- This site is optimized with the Yoast SEO plugin v25.2 - https:\/\/yoast.com\/wordpress\/plugins\/seo\/ -->\n<title>Yhteis\u00f6taide Meri Westlin<\/title>\n<meta name=\"robots\" content=\"index, follow, max-snippet:-1, max-image-preview:large, max-video-preview:-1\" \/>\n<link rel=\"canonical\" href=\"https:\/\/www.meriwestlin.fi\/en\/yhteisotaide\/\" \/>\n<meta property=\"og:locale\" content=\"en_GB\" \/>\n<meta property=\"og:type\" content=\"article\" \/>\n<meta property=\"og:title\" content=\"Yhteis\u00f6taide Meri Westlin\" \/>\n<meta property=\"og:description\" content=\"2017 Nuoret sanat \/ Rakkauslaulu \/ Yhteis\u00f6taide Nuoret sanat 2016-17 Monitoimitalo, Tampere Nuoret sanat 2016-17 Monitoimitalo, Tampere Nuoret sanat 2016-17 Tekstiilitaiteen 10. triennaali, Vapriikki, Tampere Nuoret sanat 2014 Monitoimitalo, Tampere Rakastan sinua kaikilla kielill\u00e4 2013 Museo Civico, Bracciano, Italia Rakastan sinua kaikilla kielill\u00e4 2013 Museo Civico, Bracciano, Italia Rakkauslaulu 2012 Pirkanmaan 5. Triennaali, El\u00e4m\u00e4ntapa, Tampere [&hellip;]\" \/>\n<meta property=\"og:url\" content=\"https:\/\/www.meriwestlin.fi\/en\/yhteisotaide\/\" \/>\n<meta property=\"og:site_name\" content=\"Meri Westlin\" \/>\n<meta property=\"article:modified_time\" content=\"2025-02-19T16:26:11+00:00\" \/>\n<meta name=\"twitter:card\" content=\"summary_large_image\" \/>\n<meta name=\"twitter:label1\" content=\"Estimated reading time\" \/>\n\t<meta name=\"twitter:data1\" content=\"2 minutes\" \/>\n<script type=\"application\/ld+json\" class=\"yoast-schema-graph\">{\"@context\":\"https:\/\/schema.org\",\"@graph\":[{\"@type\":\"WebPage\",\"@id\":\"https:\/\/www.meriwestlin.fi\/yhteisotaide\/\",\"url\":\"https:\/\/www.meriwestlin.fi\/yhteisotaide\/\",\"name\":\"Yhteis\u00f6taide Meri Westlin\",\"isPartOf\":{\"@id\":\"https:\/\/www.meriwestlin.fi\/#website\"},\"datePublished\":\"2022-05-30T01:33:24+00:00\",\"dateModified\":\"2025-02-19T16:26:11+00:00\",\"breadcrumb\":{\"@id\":\"https:\/\/www.meriwestlin.fi\/yhteisotaide\/#breadcrumb\"},\"inLanguage\":\"en-GB\",\"potentialAction\":[{\"@type\":\"ReadAction\",\"target\":[\"https:\/\/www.meriwestlin.fi\/yhteisotaide\/\"]}]},{\"@type\":\"BreadcrumbList\",\"@id\":\"https:\/\/www.meriwestlin.fi\/yhteisotaide\/#breadcrumb\",\"itemListElement\":[{\"@type\":\"ListItem\",\"position\":1,\"name\":\"Etusivu\",\"item\":\"https:\/\/www.meriwestlin.fi\/\"},{\"@type\":\"ListItem\",\"position\":2,\"name\":\"Yhteis\u00f6taide\"}]},{\"@type\":\"WebSite\",\"@id\":\"https:\/\/www.meriwestlin.fi\/#website\",\"url\":\"https:\/\/www.meriwestlin.fi\/\",\"name\":\"Meri Westlin\",\"description\":\"Visual artist \/ Kuvataiteilija\",\"publisher\":{\"@id\":\"https:\/\/www.meriwestlin.fi\/#organization\"},\"potentialAction\":[{\"@type\":\"SearchAction\",\"target\":{\"@type\":\"EntryPoint\",\"urlTemplate\":\"https:\/\/www.meriwestlin.fi\/?s={search_term_string}\"},\"query-input\":{\"@type\":\"PropertyValueSpecification\",\"valueRequired\":true,\"valueName\":\"search_term_string\"}}],\"inLanguage\":\"en-GB\"},{\"@type\":\"Organization\",\"@id\":\"https:\/\/www.meriwestlin.fi\/#organization\",\"name\":\"Meri Westlin\",\"url\":\"https:\/\/www.meriwestlin.fi\/\",\"logo\":{\"@type\":\"ImageObject\",\"inLanguage\":\"en-GB\",\"@id\":\"https:\/\/www.meriwestlin.fi\/#\/schema\/logo\/image\/\",\"url\":\"https:\/\/www.meriwestlin.fi\/wp-content\/uploads\/2022\/05\/cropped-Meri-Westlin-Logo-Black.png\",\"contentUrl\":\"https:\/\/www.meriwestlin.fi\/wp-content\/uploads\/2022\/05\/cropped-Meri-Westlin-Logo-Black.png\",\"width\":1239,\"height\":850,\"caption\":\"Meri Westlin\"},\"image\":{\"@id\":\"https:\/\/www.meriwestlin.fi\/#\/schema\/logo\/image\/\"}}]}<\/script>\n<!-- \/ Yoast SEO plugin. -->","yoast_head_json":{"title":"Yhteis\u00f6taide Meri Westlin","robots":{"index":"index","follow":"follow","max-snippet":"max-snippet:-1","max-image-preview":"max-image-preview:large","max-video-preview":"max-video-preview:-1"},"canonical":"https:\/\/www.meriwestlin.fi\/en\/yhteisotaide\/","og_locale":"en_GB","og_type":"article","og_title":"Yhteis\u00f6taide Meri Westlin","og_description":"2017 Nuoret sanat \/ Rakkauslaulu \/ Yhteis\u00f6taide Nuoret sanat 2016-17 Monitoimitalo, Tampere Nuoret sanat 2016-17 Monitoimitalo, Tampere Nuoret sanat 2016-17 Tekstiilitaiteen 10. triennaali, Vapriikki, Tampere Nuoret sanat 2014 Monitoimitalo, Tampere Rakastan sinua kaikilla kielill\u00e4 2013 Museo Civico, Bracciano, Italia Rakastan sinua kaikilla kielill\u00e4 2013 Museo Civico, Bracciano, Italia Rakkauslaulu 2012 Pirkanmaan 5. Triennaali, El\u00e4m\u00e4ntapa, Tampere [&hellip;]","og_url":"https:\/\/www.meriwestlin.fi\/en\/yhteisotaide\/","og_site_name":"Meri Westlin","article_modified_time":"2025-02-19T16:26:11+00:00","twitter_card":"summary_large_image","twitter_misc":{"Estimated reading time":"2 minutes"},"schema":{"@context":"https:\/\/schema.org","@graph":[{"@type":"WebPage","@id":"https:\/\/www.meriwestlin.fi\/yhteisotaide\/","url":"https:\/\/www.meriwestlin.fi\/yhteisotaide\/","name":"Yhteis\u00f6taide Meri Westlin","isPartOf":{"@id":"https:\/\/www.meriwestlin.fi\/#website"},"datePublished":"2022-05-30T01:33:24+00:00","dateModified":"2025-02-19T16:26:11+00:00","breadcrumb":{"@id":"https:\/\/www.meriwestlin.fi\/yhteisotaide\/#breadcrumb"},"inLanguage":"en-GB","potentialAction":[{"@type":"ReadAction","target":["https:\/\/www.meriwestlin.fi\/yhteisotaide\/"]}]},{"@type":"BreadcrumbList","@id":"https:\/\/www.meriwestlin.fi\/yhteisotaide\/#breadcrumb","itemListElement":[{"@type":"ListItem","position":1,"name":"Etusivu","item":"https:\/\/www.meriwestlin.fi\/"},{"@type":"ListItem","position":2,"name":"Yhteis\u00f6taide"}]},{"@type":"WebSite","@id":"https:\/\/www.meriwestlin.fi\/#website","url":"https:\/\/www.meriwestlin.fi\/","name":"Meri Westlin","description":"Visual artist \/ Kuvataiteilija","publisher":{"@id":"https:\/\/www.meriwestlin.fi\/#organization"},"potentialAction":[{"@type":"SearchAction","target":{"@type":"EntryPoint","urlTemplate":"https:\/\/www.meriwestlin.fi\/?s={search_term_string}"},"query-input":{"@type":"PropertyValueSpecification","valueRequired":true,"valueName":"search_term_string"}}],"inLanguage":"en-GB"},{"@type":"Organization","@id":"https:\/\/www.meriwestlin.fi\/#organization","name":"Meri Westlin","url":"https:\/\/www.meriwestlin.fi\/","logo":{"@type":"ImageObject","inLanguage":"en-GB","@id":"https:\/\/www.meriwestlin.fi\/#\/schema\/logo\/image\/","url":"https:\/\/www.meriwestlin.fi\/wp-content\/uploads\/2022\/05\/cropped-Meri-Westlin-Logo-Black.png","contentUrl":"https:\/\/www.meriwestlin.fi\/wp-content\/uploads\/2022\/05\/cropped-Meri-Westlin-Logo-Black.png","width":1239,"height":850,"caption":"Meri Westlin"},"image":{"@id":"https:\/\/www.meriwestlin.fi\/#\/schema\/logo\/image\/"}}]}},"_links":{"self":[{"href":"https:\/\/www.meriwestlin.fi\/en\/wp-json\/wp\/v2\/pages\/1265","targetHints":{"allow":["GET"]}}],"collection":[{"href":"https:\/\/www.meriwestlin.fi\/en\/wp-json\/wp\/v2\/pages"}],"about":[{"href":"https:\/\/www.meriwestlin.fi\/en\/wp-json\/wp\/v2\/types\/page"}],"author":[{"embeddable":true,"href":"https:\/\/www.meriwestlin.fi\/en\/wp-json\/wp\/v2\/users\/4"}],"replies":[{"embeddable":true,"href":"https:\/\/www.meriwestlin.fi\/en\/wp-json\/wp\/v2\/comments?post=1265"}],"version-history":[{"count":61,"href":"https:\/\/www.meriwestlin.fi\/en\/wp-json\/wp\/v2\/pages\/1265\/revisions"}],"predecessor-version":[{"id":3070,"href":"https:\/\/www.meriwestlin.fi\/en\/wp-json\/wp\/v2\/pages\/1265\/revisions\/3070"}],"wp:attachment":[{"href":"https:\/\/www.meriwestlin.fi\/en\/wp-json\/wp\/v2\/media?parent=1265"}],"curies":[{"name":"wp","href":"https:\/\/api.w.org\/{rel}","templated":true}]}}