{"id":1232,"date":"2022-05-30T03:21:41","date_gmt":"2022-05-30T01:21:41","guid":{"rendered":"https:\/\/www.meriwestlin.fi\/?page_id=1232"},"modified":"2022-05-31T19:21:54","modified_gmt":"2022-05-31T17:21:54","slug":"yhteys","status":"publish","type":"page","link":"https:\/\/www.meriwestlin.fi\/en\/yhteys\/","title":{"rendered":"Yhteys"},"content":{"rendered":"<div data-elementor-type=\"wp-page\" data-elementor-id=\"1232\" class=\"elementor elementor-1232\" data-elementor-post-type=\"page\">\n\t\t\t\t\t\t<section class=\"elementor-section elementor-top-section elementor-element elementor-element-e7b2699 elementor-section-height-min-height elementor-section-boxed elementor-section-height-default elementor-section-items-middle\" data-id=\"e7b2699\" data-element_type=\"section\" data-settings=\"{&quot;background_background&quot;:&quot;classic&quot;}\">\n\t\t\t\t\t\t<div class=\"elementor-container elementor-column-gap-default\">\n\t\t\t\t\t<div class=\"elementor-column elementor-col-100 elementor-top-column elementor-element elementor-element-aaaafb4\" data-id=\"aaaafb4\" data-element_type=\"column\">\n\t\t\t<div class=\"elementor-widget-wrap elementor-element-populated\">\n\t\t\t\t\t\t<div class=\"elementor-element elementor-element-2a2a1d5 elementor-hidden-mobile elementor-widget elementor-widget-spacer\" data-id=\"2a2a1d5\" data-element_type=\"widget\" data-widget_type=\"spacer.default\">\n\t\t\t\t<div class=\"elementor-widget-container\">\n\t\t\t\t\t\t\t<div class=\"elementor-spacer\">\n\t\t\t<div class=\"elementor-spacer-inner\"><\/div>\n\t\t<\/div>\n\t\t\t\t\t\t<\/div>\n\t\t\t\t<\/div>\n\t\t\t\t<section class=\"elementor-section elementor-inner-section elementor-element elementor-element-9d27bbe elementor-section-height-min-height elementor-reverse-mobile elementor-section-boxed elementor-section-height-default\" data-id=\"9d27bbe\" data-element_type=\"section\">\n\t\t\t\t\t\t<div class=\"elementor-container elementor-column-gap-default\">\n\t\t\t\t\t<div class=\"elementor-column elementor-col-50 elementor-inner-column elementor-element elementor-element-2504ae1\" data-id=\"2504ae1\" data-element_type=\"column\" data-settings=\"{&quot;background_background&quot;:&quot;classic&quot;}\">\n\t\t\t<div class=\"elementor-widget-wrap elementor-element-populated\">\n\t\t\t\t\t\t<div class=\"elementor-element elementor-element-189eb1a elementor-widget elementor-widget-image\" data-id=\"189eb1a\" data-element_type=\"widget\" data-widget_type=\"image.default\">\n\t\t\t\t<div class=\"elementor-widget-container\">\n\t\t\t\t\t\t\t\t\t\t\t\t<figure class=\"wp-caption\">\n\t\t\t\t\t\t\t\t\t\t<img fetchpriority=\"high\" decoding=\"async\" width=\"682\" height=\"1024\" src=\"https:\/\/www.meriwestlin.fi\/wp-content\/uploads\/2022\/05\/Kasvisto-Kasvisto-IMG_7057-682x1024.jpg\" class=\"attachment-large size-large wp-image-791\" alt=\"\" srcset=\"https:\/\/www.meriwestlin.fi\/wp-content\/uploads\/2022\/05\/Kasvisto-Kasvisto-IMG_7057-682x1024.jpg 682w, https:\/\/www.meriwestlin.fi\/wp-content\/uploads\/2022\/05\/Kasvisto-Kasvisto-IMG_7057-200x300.jpg 200w, https:\/\/www.meriwestlin.fi\/wp-content\/uploads\/2022\/05\/Kasvisto-Kasvisto-IMG_7057-768x1152.jpg 768w, https:\/\/www.meriwestlin.fi\/wp-content\/uploads\/2022\/05\/Kasvisto-Kasvisto-IMG_7057.jpg 933w\" sizes=\"(max-width: 682px) 100vw, 682px\" \/>\t\t\t\t\t\t\t\t\t\t\t<figcaption class=\"widget-image-caption wp-caption-text\">Photographer: Leena Vaahtera<\/figcaption>\n\t\t\t\t\t\t\t\t\t\t<\/figure>\n\t\t\t\t\t\t\t\t\t<\/div>\n\t\t\t\t<\/div>\n\t\t\t\t\t<\/div>\n\t\t<\/div>\n\t\t\t\t<div class=\"elementor-column elementor-col-50 elementor-inner-column elementor-element elementor-element-aa49ccc\" data-id=\"aa49ccc\" data-element_type=\"column\">\n\t\t\t<div class=\"elementor-widget-wrap elementor-element-populated\">\n\t\t\t\t\t\t<div class=\"elementor-element elementor-element-44580ae elementor-widget elementor-widget-heading\" data-id=\"44580ae\" data-element_type=\"widget\" data-widget_type=\"heading.default\">\n\t\t\t\t<div class=\"elementor-widget-container\">\n\t\t\t\t\t<h2 class=\"elementor-heading-title elementor-size-default\">Yhteys<\/h2>\t\t\t\t<\/div>\n\t\t\t\t<\/div>\n\t\t\t\t<div class=\"elementor-element elementor-element-84c485e elementor-icon-list--layout-traditional elementor-list-item-link-full_width elementor-widget elementor-widget-icon-list\" data-id=\"84c485e\" data-element_type=\"widget\" data-widget_type=\"icon-list.default\">\n\t\t\t\t<div class=\"elementor-widget-container\">\n\t\t\t\t\t\t\t<ul class=\"elementor-icon-list-items\">\n\t\t\t\t\t\t\t<li class=\"elementor-icon-list-item\">\n\t\t\t\t\t\t\t\t\t\t\t<span class=\"elementor-icon-list-icon\">\n\t\t\t\t\t\t\t<i aria-hidden=\"true\" class=\"fas fa-user\"><\/i>\t\t\t\t\t\t<\/span>\n\t\t\t\t\t\t\t\t\t\t<span class=\"elementor-icon-list-text\">Meri Westlin<\/span>\n\t\t\t\t\t\t\t\t\t<\/li>\n\t\t\t\t\t\t\t\t<li class=\"elementor-icon-list-item\">\n\t\t\t\t\t\t\t\t\t\t\t<a href=\"tel:+358504332320\">\n\n\t\t\t\t\t\t\t\t\t\t\t\t<span class=\"elementor-icon-list-icon\">\n\t\t\t\t\t\t\t<i aria-hidden=\"true\" class=\"fas fa-phone-alt\"><\/i>\t\t\t\t\t\t<\/span>\n\t\t\t\t\t\t\t\t\t\t<span class=\"elementor-icon-list-text\">+358 50 433 2320<\/span>\n\t\t\t\t\t\t\t\t\t\t\t<\/a>\n\t\t\t\t\t\t\t\t\t<\/li>\n\t\t\t\t\t\t\t\t<li class=\"elementor-icon-list-item\">\n\t\t\t\t\t\t\t\t\t\t\t<a href=\"mailto:meri.westlin@gmail.com\">\n\n\t\t\t\t\t\t\t\t\t\t\t\t<span class=\"elementor-icon-list-icon\">\n\t\t\t\t\t\t\t<i aria-hidden=\"true\" class=\"fas fa-envelope\"><\/i>\t\t\t\t\t\t<\/span>\n\t\t\t\t\t\t\t\t\t\t<span class=\"elementor-icon-list-text\">meri.westlin@gmail.com<\/span>\n\t\t\t\t\t\t\t\t\t\t\t<\/a>\n\t\t\t\t\t\t\t\t\t<\/li>\n\t\t\t\t\t\t\t\t<li class=\"elementor-icon-list-item\">\n\t\t\t\t\t\t\t\t\t\t\t<span class=\"elementor-icon-list-icon\">\n\t\t\t\t\t\t\t<i aria-hidden=\"true\" class=\"fas fa-paint-brush\"><\/i>\t\t\t\t\t\t<\/span>\n\t\t\t\t\t\t\t\t\t\t<span class=\"elementor-icon-list-text\">STUDIO Nansotalo,<br> Tanhuankatu 2, 33710  Nokia <\/span>\n\t\t\t\t\t\t\t\t\t<\/li>\n\t\t\t\t\t\t<\/ul>\n\t\t\t\t\t\t<\/div>\n\t\t\t\t<\/div>\n\t\t\t\t<div class=\"elementor-element elementor-element-edfa72b elementor-widget elementor-widget-text-editor\" data-id=\"edfa72b\" data-element_type=\"widget\" data-widget_type=\"text-editor.default\">\n\t\t\t\t<div class=\"elementor-widget-container\">\n\t\t\t\t\t\t\t\t\t<p>T\u00e4h\u00e4n yhteydenottoon ja ateljeek\u00e4ynteihin liittyv\u00e4\u00e4 infoa.<\/p><p>Lorem ipsum dolor sit amet, consectetur adipiscing elit. Ut elit tellus, luctus nec ullamcorper mattis, pulvinar dapibus leo.<\/p>\t\t\t\t\t\t\t\t<\/div>\n\t\t\t\t<\/div>\n\t\t\t\t\t<\/div>\n\t\t<\/div>\n\t\t\t\t\t<\/div>\n\t\t<\/section>\n\t\t\t\t<div class=\"elementor-element elementor-element-865547c elementor-widget elementor-widget-spacer\" data-id=\"865547c\" data-element_type=\"widget\" data-widget_type=\"spacer.default\">\n\t\t\t\t<div class=\"elementor-widget-container\">\n\t\t\t\t\t\t\t<div class=\"elementor-spacer\">\n\t\t\t<div class=\"elementor-spacer-inner\"><\/div>\n\t\t<\/div>\n\t\t\t\t\t\t<\/div>\n\t\t\t\t<\/div>\n\t\t\t\t<div class=\"elementor-element elementor-element-50cca1e elementor-hidden-mobile elementor-widget elementor-widget-spacer\" data-id=\"50cca1e\" data-element_type=\"widget\" data-widget_type=\"spacer.default\">\n\t\t\t\t<div class=\"elementor-widget-container\">\n\t\t\t\t\t\t\t<div class=\"elementor-spacer\">\n\t\t\t<div class=\"elementor-spacer-inner\"><\/div>\n\t\t<\/div>\n\t\t\t\t\t\t<\/div>\n\t\t\t\t<\/div>\n\t\t\t\t\t<\/div>\n\t\t<\/div>\n\t\t\t\t\t<\/div>\n\t\t<\/section>\n\t\t\t\t<\/div>","protected":false},"excerpt":{"rendered":"<p>Valokuvaaja: Leena Vaahtera Yhteys Meri Westlin +358 50 433 2320 meri.westlin@gmail.com STUDIO Nansotalo, Tanhuankatu 2, 33710 Nokia T\u00e4h\u00e4n yhteydenottoon ja ateljeek\u00e4ynteihin liittyv\u00e4\u00e4 infoa. Lorem ipsum dolor sit amet, consectetur adipiscing elit. Ut elit tellus, luctus nec ullamcorper mattis, pulvinar dapibus leo.<\/p>","protected":false},"author":4,"featured_media":0,"parent":0,"menu_order":0,"comment_status":"closed","ping_status":"closed","template":"elementor_header_footer","meta":{"_acf_changed":false,"footnotes":""},"class_list":["post-1232","page","type-page","status-publish","hentry"],"acf":[],"yoast_head":"<!-- This site is optimized with the Yoast SEO plugin v25.2 - https:\/\/yoast.com\/wordpress\/plugins\/seo\/ -->\n<title>Yhteys - Meri Westlin<\/title>\n<meta name=\"robots\" content=\"index, follow, max-snippet:-1, max-image-preview:large, max-video-preview:-1\" \/>\n<link rel=\"canonical\" href=\"https:\/\/www.meriwestlin.fi\/en\/yhteys\/\" \/>\n<meta property=\"og:locale\" content=\"en_GB\" \/>\n<meta property=\"og:type\" content=\"article\" \/>\n<meta property=\"og:title\" content=\"Yhteys - Meri Westlin\" \/>\n<meta property=\"og:description\" content=\"Valokuvaaja: Leena Vaahtera Yhteys Meri Westlin +358 50 433 2320 meri.westlin@gmail.com STUDIO Nansotalo, Tanhuankatu 2, 33710 Nokia T\u00e4h\u00e4n yhteydenottoon ja ateljeek\u00e4ynteihin liittyv\u00e4\u00e4 infoa. Lorem ipsum dolor sit amet, consectetur adipiscing elit. Ut elit tellus, luctus nec ullamcorper mattis, pulvinar dapibus leo.\" \/>\n<meta property=\"og:url\" content=\"https:\/\/www.meriwestlin.fi\/en\/yhteys\/\" \/>\n<meta property=\"og:site_name\" content=\"Meri Westlin\" \/>\n<meta property=\"article:modified_time\" content=\"2022-05-31T17:21:54+00:00\" \/>\n<meta property=\"og:image\" content=\"https:\/\/www.meriwestlin.fi\/wp-content\/uploads\/2022\/05\/Kasvisto-Kasvisto-IMG_7057-682x1024.jpg\" \/>\n<meta name=\"twitter:card\" content=\"summary_large_image\" \/>\n<meta name=\"twitter:label1\" content=\"Estimated reading time\" \/>\n\t<meta name=\"twitter:data1\" content=\"1 minute\" \/>\n<script type=\"application\/ld+json\" class=\"yoast-schema-graph\">{\"@context\":\"https:\/\/schema.org\",\"@graph\":[{\"@type\":\"WebPage\",\"@id\":\"https:\/\/www.meriwestlin.fi\/yhteys\/\",\"url\":\"https:\/\/www.meriwestlin.fi\/yhteys\/\",\"name\":\"Yhteys - Meri Westlin\",\"isPartOf\":{\"@id\":\"https:\/\/www.meriwestlin.fi\/#website\"},\"primaryImageOfPage\":{\"@id\":\"https:\/\/www.meriwestlin.fi\/yhteys\/#primaryimage\"},\"image\":{\"@id\":\"https:\/\/www.meriwestlin.fi\/yhteys\/#primaryimage\"},\"thumbnailUrl\":\"https:\/\/www.meriwestlin.fi\/wp-content\/uploads\/2022\/05\/Kasvisto-Kasvisto-IMG_7057-682x1024.jpg\",\"datePublished\":\"2022-05-30T01:21:41+00:00\",\"dateModified\":\"2022-05-31T17:21:54+00:00\",\"breadcrumb\":{\"@id\":\"https:\/\/www.meriwestlin.fi\/yhteys\/#breadcrumb\"},\"inLanguage\":\"en-GB\",\"potentialAction\":[{\"@type\":\"ReadAction\",\"target\":[\"https:\/\/www.meriwestlin.fi\/yhteys\/\"]}]},{\"@type\":\"ImageObject\",\"inLanguage\":\"en-GB\",\"@id\":\"https:\/\/www.meriwestlin.fi\/yhteys\/#primaryimage\",\"url\":\"https:\/\/www.meriwestlin.fi\/wp-content\/uploads\/2022\/05\/Kasvisto-Kasvisto-IMG_7057-682x1024.jpg\",\"contentUrl\":\"https:\/\/www.meriwestlin.fi\/wp-content\/uploads\/2022\/05\/Kasvisto-Kasvisto-IMG_7057-682x1024.jpg\"},{\"@type\":\"BreadcrumbList\",\"@id\":\"https:\/\/www.meriwestlin.fi\/yhteys\/#breadcrumb\",\"itemListElement\":[{\"@type\":\"ListItem\",\"position\":1,\"name\":\"Etusivu\",\"item\":\"https:\/\/www.meriwestlin.fi\/\"},{\"@type\":\"ListItem\",\"position\":2,\"name\":\"Yhteys\"}]},{\"@type\":\"WebSite\",\"@id\":\"https:\/\/www.meriwestlin.fi\/#website\",\"url\":\"https:\/\/www.meriwestlin.fi\/\",\"name\":\"Meri Westlin\",\"description\":\"Visual artist \/ Kuvataiteilija\",\"publisher\":{\"@id\":\"https:\/\/www.meriwestlin.fi\/#organization\"},\"potentialAction\":[{\"@type\":\"SearchAction\",\"target\":{\"@type\":\"EntryPoint\",\"urlTemplate\":\"https:\/\/www.meriwestlin.fi\/?s={search_term_string}\"},\"query-input\":{\"@type\":\"PropertyValueSpecification\",\"valueRequired\":true,\"valueName\":\"search_term_string\"}}],\"inLanguage\":\"en-GB\"},{\"@type\":\"Organization\",\"@id\":\"https:\/\/www.meriwestlin.fi\/#organization\",\"name\":\"Meri Westlin\",\"url\":\"https:\/\/www.meriwestlin.fi\/\",\"logo\":{\"@type\":\"ImageObject\",\"inLanguage\":\"en-GB\",\"@id\":\"https:\/\/www.meriwestlin.fi\/#\/schema\/logo\/image\/\",\"url\":\"https:\/\/www.meriwestlin.fi\/wp-content\/uploads\/2022\/05\/cropped-Meri-Westlin-Logo-Black.png\",\"contentUrl\":\"https:\/\/www.meriwestlin.fi\/wp-content\/uploads\/2022\/05\/cropped-Meri-Westlin-Logo-Black.png\",\"width\":1239,\"height\":850,\"caption\":\"Meri Westlin\"},\"image\":{\"@id\":\"https:\/\/www.meriwestlin.fi\/#\/schema\/logo\/image\/\"}}]}<\/script>\n<!-- \/ Yoast SEO plugin. -->","yoast_head_json":{"title":"Yhteys - Meri Westlin","robots":{"index":"index","follow":"follow","max-snippet":"max-snippet:-1","max-image-preview":"max-image-preview:large","max-video-preview":"max-video-preview:-1"},"canonical":"https:\/\/www.meriwestlin.fi\/en\/yhteys\/","og_locale":"en_GB","og_type":"article","og_title":"Yhteys - Meri Westlin","og_description":"Valokuvaaja: Leena Vaahtera Yhteys Meri Westlin +358 50 433 2320 meri.westlin@gmail.com STUDIO Nansotalo, Tanhuankatu 2, 33710 Nokia T\u00e4h\u00e4n yhteydenottoon ja ateljeek\u00e4ynteihin liittyv\u00e4\u00e4 infoa. Lorem ipsum dolor sit amet, consectetur adipiscing elit. Ut elit tellus, luctus nec ullamcorper mattis, pulvinar dapibus leo.","og_url":"https:\/\/www.meriwestlin.fi\/en\/yhteys\/","og_site_name":"Meri Westlin","article_modified_time":"2022-05-31T17:21:54+00:00","og_image":[{"url":"https:\/\/www.meriwestlin.fi\/wp-content\/uploads\/2022\/05\/Kasvisto-Kasvisto-IMG_7057-682x1024.jpg","type":"","width":"","height":""}],"twitter_card":"summary_large_image","twitter_misc":{"Estimated reading time":"1 minute"},"schema":{"@context":"https:\/\/schema.org","@graph":[{"@type":"WebPage","@id":"https:\/\/www.meriwestlin.fi\/yhteys\/","url":"https:\/\/www.meriwestlin.fi\/yhteys\/","name":"Yhteys - Meri Westlin","isPartOf":{"@id":"https:\/\/www.meriwestlin.fi\/#website"},"primaryImageOfPage":{"@id":"https:\/\/www.meriwestlin.fi\/yhteys\/#primaryimage"},"image":{"@id":"https:\/\/www.meriwestlin.fi\/yhteys\/#primaryimage"},"thumbnailUrl":"https:\/\/www.meriwestlin.fi\/wp-content\/uploads\/2022\/05\/Kasvisto-Kasvisto-IMG_7057-682x1024.jpg","datePublished":"2022-05-30T01:21:41+00:00","dateModified":"2022-05-31T17:21:54+00:00","breadcrumb":{"@id":"https:\/\/www.meriwestlin.fi\/yhteys\/#breadcrumb"},"inLanguage":"en-GB","potentialAction":[{"@type":"ReadAction","target":["https:\/\/www.meriwestlin.fi\/yhteys\/"]}]},{"@type":"ImageObject","inLanguage":"en-GB","@id":"https:\/\/www.meriwestlin.fi\/yhteys\/#primaryimage","url":"https:\/\/www.meriwestlin.fi\/wp-content\/uploads\/2022\/05\/Kasvisto-Kasvisto-IMG_7057-682x1024.jpg","contentUrl":"https:\/\/www.meriwestlin.fi\/wp-content\/uploads\/2022\/05\/Kasvisto-Kasvisto-IMG_7057-682x1024.jpg"},{"@type":"BreadcrumbList","@id":"https:\/\/www.meriwestlin.fi\/yhteys\/#breadcrumb","itemListElement":[{"@type":"ListItem","position":1,"name":"Etusivu","item":"https:\/\/www.meriwestlin.fi\/"},{"@type":"ListItem","position":2,"name":"Yhteys"}]},{"@type":"WebSite","@id":"https:\/\/www.meriwestlin.fi\/#website","url":"https:\/\/www.meriwestlin.fi\/","name":"Meri Westlin","description":"Visual artist \/ Kuvataiteilija","publisher":{"@id":"https:\/\/www.meriwestlin.fi\/#organization"},"potentialAction":[{"@type":"SearchAction","target":{"@type":"EntryPoint","urlTemplate":"https:\/\/www.meriwestlin.fi\/?s={search_term_string}"},"query-input":{"@type":"PropertyValueSpecification","valueRequired":true,"valueName":"search_term_string"}}],"inLanguage":"en-GB"},{"@type":"Organization","@id":"https:\/\/www.meriwestlin.fi\/#organization","name":"Meri Westlin","url":"https:\/\/www.meriwestlin.fi\/","logo":{"@type":"ImageObject","inLanguage":"en-GB","@id":"https:\/\/www.meriwestlin.fi\/#\/schema\/logo\/image\/","url":"https:\/\/www.meriwestlin.fi\/wp-content\/uploads\/2022\/05\/cropped-Meri-Westlin-Logo-Black.png","contentUrl":"https:\/\/www.meriwestlin.fi\/wp-content\/uploads\/2022\/05\/cropped-Meri-Westlin-Logo-Black.png","width":1239,"height":850,"caption":"Meri Westlin"},"image":{"@id":"https:\/\/www.meriwestlin.fi\/#\/schema\/logo\/image\/"}}]}},"_links":{"self":[{"href":"https:\/\/www.meriwestlin.fi\/en\/wp-json\/wp\/v2\/pages\/1232","targetHints":{"allow":["GET"]}}],"collection":[{"href":"https:\/\/www.meriwestlin.fi\/en\/wp-json\/wp\/v2\/pages"}],"about":[{"href":"https:\/\/www.meriwestlin.fi\/en\/wp-json\/wp\/v2\/types\/page"}],"author":[{"embeddable":true,"href":"https:\/\/www.meriwestlin.fi\/en\/wp-json\/wp\/v2\/users\/4"}],"replies":[{"embeddable":true,"href":"https:\/\/www.meriwestlin.fi\/en\/wp-json\/wp\/v2\/comments?post=1232"}],"version-history":[{"count":22,"href":"https:\/\/www.meriwestlin.fi\/en\/wp-json\/wp\/v2\/pages\/1232\/revisions"}],"predecessor-version":[{"id":1721,"href":"https:\/\/www.meriwestlin.fi\/en\/wp-json\/wp\/v2\/pages\/1232\/revisions\/1721"}],"wp:attachment":[{"href":"https:\/\/www.meriwestlin.fi\/en\/wp-json\/wp\/v2\/media?parent=1232"}],"curies":[{"name":"wp","href":"https:\/\/api.w.org\/{rel}","templated":true}]}}